{"id":583,"date":"2023-01-19T09:09:11","date_gmt":"2023-01-19T09:09:11","guid":{"rendered":"https:\/\/pontecaldelas.gal\/?page_id=583"},"modified":"2023-01-19T09:09:12","modified_gmt":"2023-01-19T09:09:12","slug":"playa-fluvial-de-a-calzada","status":"publish","type":"page","link":"https:\/\/pontecaldelas.gal\/gl\/playa-fluvial-de-a-calzada\/","title":{"rendered":"Praia Fluvial A Calzada"},"content":{"rendered":"<h2 class=\"wp-block-heading\">A Praia Fluvial da Calzada logra a primeira bandeira azul na zona de ba\u00f1o fluvial<\/h2>\n\n\n\n<figure class=\"wp-block-image size-large\"><img fetchpriority=\"high\" decoding=\"async\" width=\"1024\" height=\"681\" src=\"https:\/\/pontecaldelas.gal\/wp-content\/uploads\/2023\/01\/praia_fluvial_calzada-1024x681.jpg\" alt=\"\" class=\"wp-image-585\" srcset=\"https:\/\/pontecaldelas.gal\/wp-content\/uploads\/2023\/01\/praia_fluvial_calzada-1024x681.jpg 1024w, https:\/\/pontecaldelas.gal\/wp-content\/uploads\/2023\/01\/praia_fluvial_calzada-300x199.jpg 300w, https:\/\/pontecaldelas.gal\/wp-content\/uploads\/2023\/01\/praia_fluvial_calzada-768x511.jpg 768w, https:\/\/pontecaldelas.gal\/wp-content\/uploads\/2023\/01\/praia_fluvial_calzada-1536x1021.jpg 1536w, https:\/\/pontecaldelas.gal\/wp-content\/uploads\/2023\/01\/praia_fluvial_calzada-2048x1362.jpg 2048w\" sizes=\"(max-width: 1024px) 100vw, 1024px\" \/><\/figure>\n\n\n\n<ul class=\"wp-block-list\"><\/ul>\n\n\n\n<ul class=\"wp-block-list\">\n<li>Es el primer galard\u00f3n que otorga en nuestro pa\u00eds el jurado internacional bandera Azul 2015 que otorga la ADEAC<\/li>\n\n\n\n<li>Es un motivo de satisfacci\u00f3n colectiva para todos los vecinos de Ponte Caldelas y para aquellos que hemos cre\u00eddo siempre en el futuro de nuestro municipio ligado a la modernidad y al progreso apostando por el disfrute arm\u00f3nico de nuestra potencialidad tur\u00edstica con el medio natural.<\/li>\n<\/ul>\n\n\n\n<p>La playa fluvial de A Calzada, en Ponte Caldelas, ha logrado la primera Bandera Azul de una zona de ba\u00f1o de estas caracter\u00edsticas en Espa\u00f1a, seg\u00fan el fallo hecho p\u00fablico por el jurado internacional que otorga estos galardones para la Asociaci\u00f3n de Educaci\u00f3n Ambiental y del Consumidor (ADEAC).<\/p>\n\n\n\n<p>Esta decisi\u00f3n viene avalada por toda una trayectoria marcada por los excelentes resultados de los an\u00e1lisis que peri\u00f3dicamente se establecen en sus aguas y por los servicios e infraestructuras de que dispone el \u00e1rea recreativa de A Calzada. Es un motivo de satisfacci\u00f3n colectiva para todos los vecinos de Ponte Caldelas y para aquellos que hemos cre\u00eddo siempre en el futuro de nuestro municipio ligado a la modernidad y al progreso apostando por el disfrute arm\u00f3nico de nuestra potencialidad tur\u00edstica con el medio natural.&nbsp;<\/p>\n\n\n\n<figure class=\"wp-block-image size-large\"><img decoding=\"async\" width=\"1024\" height=\"681\" src=\"https:\/\/pontecaldelas.gal\/wp-content\/uploads\/2023\/01\/rio_verdugo-1024x681.jpg\" alt=\"\" class=\"wp-image-586\" srcset=\"https:\/\/pontecaldelas.gal\/wp-content\/uploads\/2023\/01\/rio_verdugo-1024x681.jpg 1024w, https:\/\/pontecaldelas.gal\/wp-content\/uploads\/2023\/01\/rio_verdugo-300x199.jpg 300w, https:\/\/pontecaldelas.gal\/wp-content\/uploads\/2023\/01\/rio_verdugo-768x511.jpg 768w, https:\/\/pontecaldelas.gal\/wp-content\/uploads\/2023\/01\/rio_verdugo-1536x1021.jpg 1536w, https:\/\/pontecaldelas.gal\/wp-content\/uploads\/2023\/01\/rio_verdugo-2048x1362.jpg 2048w\" sizes=\"(max-width: 1024px) 100vw, 1024px\" \/><\/figure>\n\n\n\n<p>La playa de A Calzada es&nbsp;la primera playa fluvial de Espa\u00f1a&nbsp;en disponer de este distintivo y vendr\u00eda a corroborar que Ponte Caldelas goza de una calidad excelente desde el punto de vista medioambiental, sanitario, tur\u00edstico y recreativo.<\/p>\n\n\n\n<p>El Concello inici\u00f3 el pasado verano los tr\u00e1mites para conseguir el distintivo de Bandera Azul. As\u00ed tras la solicitud formal del Concello el pasado mes de agosto un inspector de la propia ADEAC ya visit\u00f3 la playa fluvial, quedando gratamente sorprendido de la belleza del entorno.<\/p>\n\n\n\n<p>Este galard\u00f3n pone de manifiesto la apuesta que el Concello de Ponte Caldelas ha hecho siempre por el disfrute tur\u00edstico arm\u00f3nico de sus recursos naturales y destac\u00f3 la importancia del punto de vista de la promoci\u00f3n exterior del municipio y sobre la econom\u00eda local va a tener esta distinci\u00f3n.<\/p>\n\n\n\n<p>La playa fluvial de A Calzada, en Ponte Caldelas, dispone de manera ininterrumpida y desde el 2001 el calificativo de \u201cexcelente\u201d, seg\u00fan el resultado de la anal\u00edtica practicada por el Programa de Vigilancia Sanitaria que realiza en Galicia la Conseller\u00eda de Sanidade en las \u00e1reas habilitadas para el disfrute de las zonas de ba\u00f1o. Este es otro requisito ineludible para tener la distinci\u00f3n.<\/p>\n\n\n\n<figure class=\"wp-block-image size-large\"><img decoding=\"async\" width=\"1024\" height=\"681\" src=\"https:\/\/pontecaldelas.gal\/wp-content\/uploads\/2023\/01\/praia_fluvial_da_calzada_2-1024x681.jpg\" alt=\"\" class=\"wp-image-587\" srcset=\"https:\/\/pontecaldelas.gal\/wp-content\/uploads\/2023\/01\/praia_fluvial_da_calzada_2-1024x681.jpg 1024w, https:\/\/pontecaldelas.gal\/wp-content\/uploads\/2023\/01\/praia_fluvial_da_calzada_2-300x199.jpg 300w, https:\/\/pontecaldelas.gal\/wp-content\/uploads\/2023\/01\/praia_fluvial_da_calzada_2-768x511.jpg 768w, https:\/\/pontecaldelas.gal\/wp-content\/uploads\/2023\/01\/praia_fluvial_da_calzada_2-1536x1021.jpg 1536w, https:\/\/pontecaldelas.gal\/wp-content\/uploads\/2023\/01\/praia_fluvial_da_calzada_2-2048x1362.jpg 2048w\" sizes=\"(max-width: 1024px) 100vw, 1024px\" \/><\/figure>\n\n\n\n<p>Las aguas de la playa fluvial de A Calzada se someten a un riguroso control y anal\u00edtica, con periodicidad quincenal, para determinar la pureza e idoneidad de las mismas para el ba\u00f1o. Los resultados de la anal\u00edtica son expuestos en el tabl\u00f3n de anuncios ubicado en la propia playa fluvial de A Calzada, con el fin de que los&nbsp;usuarios puedan consultarlos en todo momento y comprobar su estado para la pr\u00e1ctica del ba\u00f1o. Tambi\u00e9n pueden ser consultados a trav\u00e9s de internet en la web de la Conseller\u00eda de Sanidade.<\/p>\n\n\n\n<p>La actuaci\u00f3n realizada en los \u00faltimos a\u00f1os por el Concello de Ponte Caldelas en el \u00e1rea recreativa de A Calzada la ha convertido en un lugar de referencia para el ba\u00f1o fluvial en toda Espa\u00f1a. Operarios municipales cuidan habitualmente la zona para que cuando llegue la temporada estival est\u00e9 en perfectas condiciones de uso. Peri\u00f3dicamente realizan labores de limpieza y mantenimiento no s\u00f3lo en el entorno sino tambi\u00e9n en la conservaci\u00f3n del mobiliario urbano existente en los alrededores.<\/p>\n\n\n\n<p>La playa se encuentra situada al final del paseo fluvial de A Calzada y cuenta con aparcamiento y lugares para el disfrute de la naturaleza. Es tambi\u00e9n zona habitual de pesca deportiva y en ella opera durante el periodo estival un bar-chiringuito con aseos que atiende las demandas del p\u00fablico que utiliza en los d\u00edas de buen tiempo este enclave tur\u00edstico y de descanso de primer orden.<\/p>\n\n\n\n<p>En los d\u00edas de buen tiempo, la playa de A Calzada \u2014que dispone de superficie arbolada y con hierba, para favorecer el descanso del visitante, y de zona soleada, para los amantes del bronceado\u2014, ofrece todo tipo de posibilidades para practicar el turismo familiar y el disfrute arm\u00f3nico de la naturaleza.<\/p>\n\n\n\n<figure class=\"wp-block-image size-large\"><img loading=\"lazy\" decoding=\"async\" width=\"1024\" height=\"512\" src=\"https:\/\/pontecaldelas.gal\/wp-content\/uploads\/2023\/01\/praia_calzada_2-1024x512.jpg\" alt=\"\" class=\"wp-image-588\" srcset=\"https:\/\/pontecaldelas.gal\/wp-content\/uploads\/2023\/01\/praia_calzada_2-1024x512.jpg 1024w, https:\/\/pontecaldelas.gal\/wp-content\/uploads\/2023\/01\/praia_calzada_2-300x150.jpg 300w, https:\/\/pontecaldelas.gal\/wp-content\/uploads\/2023\/01\/praia_calzada_2-768x384.jpg 768w, https:\/\/pontecaldelas.gal\/wp-content\/uploads\/2023\/01\/praia_calzada_2.jpg 1280w\" sizes=\"(max-width: 1024px) 100vw, 1024px\" \/><\/figure>\n\n\n\n<p>La playa dispone de cancha de voley-playa, tenis de mesa, as\u00ed como una amplia variedad de aparatos en el parque biosaludable para realizar ejercicio rehabilitador, musculaci\u00f3n, gimnasia de mantenimiento, etc.<\/p>\n\n\n\n<p>Adem\u00e1s de los enclaves paisaj\u00edsticos que ofrece el propio r\u00edo Verdugo, Ponte Caldelas completa su oferta con una infraestructura y calidad de servicios que cumple sobradamente la estricta normativa europea para la concesi\u00f3n de la bandera azul que ahora se le ha otorgado.&nbsp;<\/p>\n\n\n\n<figure class=\"wp-block-image size-full\"><img loading=\"lazy\" decoding=\"async\" width=\"886\" height=\"513\" src=\"https:\/\/pontecaldelas.gal\/wp-content\/uploads\/2023\/01\/praia_calzada_4.jpg\" alt=\"\" class=\"wp-image-589\" srcset=\"https:\/\/pontecaldelas.gal\/wp-content\/uploads\/2023\/01\/praia_calzada_4.jpg 886w, https:\/\/pontecaldelas.gal\/wp-content\/uploads\/2023\/01\/praia_calzada_4-300x174.jpg 300w, https:\/\/pontecaldelas.gal\/wp-content\/uploads\/2023\/01\/praia_calzada_4-768x445.jpg 768w\" sizes=\"(max-width: 886px) 100vw, 886px\" \/><\/figure>\n\n\n\n<p>La presencia de paneles explicativos sobre las posibilidades de uso del entorno, informaci\u00f3n actualizada sobre la salubridad de sus aguas, socorrista presencial permanente durante las horas de ba\u00f1o y afluencia de p\u00fablico as\u00ed como l\u00e1minas identificativas de especies, medios divulgativos sobre los ecosistemas existentes, especies protegidas, flora y fauna circundante as\u00ed como actividades fomentadas desde el propio Concello para conocer y disfrutar de una manera arm\u00f3nica y ecol\u00f3gica de los encantos paisaj\u00edsticos y fluviales de este enclave del r\u00edo Verdugo conforman las principales bazas con las que cuenta Ponte Caldelas para que se le haya otorgado la Bandera Azul a la playa fluvial de A Calzada.<\/p>","protected":false},"excerpt":{"rendered":"<p>La Playa Fluvial de A Calzada logra al primera Bandera Azul en una zona de ba\u00f1o fluvial La playa fluvial de A Calzada, en Ponte Caldelas, ha logrado la primera Bandera Azul de una zona de ba\u00f1o de estas caracter\u00edsticas en Espa\u00f1a, seg\u00fan el fallo hecho p\u00fablico por el jurado internacional que otorga estos galardones [&hellip;]<\/p>\n","protected":false},"author":1,"featured_media":0,"parent":0,"menu_order":0,"comment_status":"closed","ping_status":"closed","template":"","meta":{"_uag_custom_page_level_css":"","footnotes":""},"class_list":["post-583","page","type-page","status-publish","hentry"],"yoast_head":"<!-- This site is optimized with the Yoast SEO plugin v27.3 - https:\/\/yoast.com\/product\/yoast-seo-wordpress\/ -->\n<title>Playa Fluvial de a Calzada - Concello de Ponte Caldelas<\/title>\n<meta name=\"robots\" content=\"index, follow, max-snippet:-1, max-image-preview:large, max-video-preview:-1\" \/>\n<link rel=\"canonical\" href=\"https:\/\/pontecaldelas.gal\/gl\/playa-fluvial-de-a-calzada\/\" \/>\n<meta property=\"og:locale\" content=\"gl_ES\" \/>\n<meta property=\"og:type\" content=\"article\" \/>\n<meta property=\"og:title\" content=\"Playa Fluvial de a Calzada - Concello de Ponte Caldelas\" \/>\n<meta property=\"og:description\" content=\"La Playa Fluvial de A Calzada logra al primera Bandera Azul en una zona de ba\u00f1o fluvial La playa fluvial de A Calzada, en Ponte Caldelas, ha logrado la primera Bandera Azul de una zona de ba\u00f1o de estas caracter\u00edsticas en Espa\u00f1a, seg\u00fan el fallo hecho p\u00fablico por el jurado internacional que otorga estos galardones [&hellip;]\" \/>\n<meta property=\"og:url\" content=\"https:\/\/pontecaldelas.gal\/gl\/playa-fluvial-de-a-calzada\/\" \/>\n<meta property=\"og:site_name\" content=\"Concello de Ponte Caldelas\" \/>\n<meta property=\"article:publisher\" content=\"https:\/\/www.facebook.com\/turismo.enpontecaldelas\" \/>\n<meta property=\"article:modified_time\" content=\"2023-01-19T09:09:12+00:00\" \/>\n<meta property=\"og:image\" content=\"https:\/\/pontecaldelas.gal\/wp-content\/uploads\/2023\/01\/praia_fluvial_calzada-1024x681.jpg\" \/>\n<meta name=\"twitter:card\" content=\"summary_large_image\" \/>\n<meta name=\"twitter:site\" content=\"@Turpontcaldelas\" \/>\n<meta name=\"twitter:label1\" content=\"Tempo de lectura\" \/>\n\t<meta name=\"twitter:data1\" content=\"5 minutos\" \/>\n<script type=\"application\/ld+json\" class=\"yoast-schema-graph\">{\"@context\":\"https:\\\/\\\/schema.org\",\"@graph\":[{\"@type\":\"WebPage\",\"@id\":\"https:\\\/\\\/pontecaldelas.gal\\\/playa-fluvial-de-a-calzada\\\/\",\"url\":\"https:\\\/\\\/pontecaldelas.gal\\\/playa-fluvial-de-a-calzada\\\/\",\"name\":\"Playa Fluvial de a Calzada - Concello de Ponte Caldelas\",\"isPartOf\":{\"@id\":\"https:\\\/\\\/pontecaldelas.gal\\\/gl\\\/#website\"},\"primaryImageOfPage\":{\"@id\":\"https:\\\/\\\/pontecaldelas.gal\\\/playa-fluvial-de-a-calzada\\\/#primaryimage\"},\"image\":{\"@id\":\"https:\\\/\\\/pontecaldelas.gal\\\/playa-fluvial-de-a-calzada\\\/#primaryimage\"},\"thumbnailUrl\":\"https:\\\/\\\/pontecaldelas.gal\\\/wp-content\\\/uploads\\\/2023\\\/01\\\/praia_fluvial_calzada-1024x681.jpg\",\"datePublished\":\"2023-01-19T09:09:11+00:00\",\"dateModified\":\"2023-01-19T09:09:12+00:00\",\"breadcrumb\":{\"@id\":\"https:\\\/\\\/pontecaldelas.gal\\\/playa-fluvial-de-a-calzada\\\/#breadcrumb\"},\"inLanguage\":\"gl-ES\",\"potentialAction\":[{\"@type\":\"ReadAction\",\"target\":[\"https:\\\/\\\/pontecaldelas.gal\\\/playa-fluvial-de-a-calzada\\\/\"]}]},{\"@type\":\"ImageObject\",\"inLanguage\":\"gl-ES\",\"@id\":\"https:\\\/\\\/pontecaldelas.gal\\\/playa-fluvial-de-a-calzada\\\/#primaryimage\",\"url\":\"https:\\\/\\\/pontecaldelas.gal\\\/wp-content\\\/uploads\\\/2023\\\/01\\\/praia_fluvial_calzada-1024x681.jpg\",\"contentUrl\":\"https:\\\/\\\/pontecaldelas.gal\\\/wp-content\\\/uploads\\\/2023\\\/01\\\/praia_fluvial_calzada-1024x681.jpg\"},{\"@type\":\"BreadcrumbList\",\"@id\":\"https:\\\/\\\/pontecaldelas.gal\\\/playa-fluvial-de-a-calzada\\\/#breadcrumb\",\"itemListElement\":[{\"@type\":\"ListItem\",\"position\":1,\"name\":\"Portada\",\"item\":\"https:\\\/\\\/pontecaldelas.gal\\\/\"},{\"@type\":\"ListItem\",\"position\":2,\"name\":\"Playa Fluvial de a Calzada\"}]},{\"@type\":\"WebSite\",\"@id\":\"https:\\\/\\\/pontecaldelas.gal\\\/gl\\\/#website\",\"url\":\"https:\\\/\\\/pontecaldelas.gal\\\/gl\\\/\",\"name\":\"Concello de Ponte Caldelas\",\"description\":\"\",\"publisher\":{\"@id\":\"https:\\\/\\\/pontecaldelas.gal\\\/gl\\\/#organization\"},\"potentialAction\":[{\"@type\":\"SearchAction\",\"target\":{\"@type\":\"EntryPoint\",\"urlTemplate\":\"https:\\\/\\\/pontecaldelas.gal\\\/gl\\\/?s={search_term_string}\"},\"query-input\":{\"@type\":\"PropertyValueSpecification\",\"valueRequired\":true,\"valueName\":\"search_term_string\"}}],\"inLanguage\":\"gl-ES\"},{\"@type\":\"Organization\",\"@id\":\"https:\\\/\\\/pontecaldelas.gal\\\/gl\\\/#organization\",\"name\":\"Concello de Ponte Caldelas\",\"url\":\"https:\\\/\\\/pontecaldelas.gal\\\/gl\\\/\",\"logo\":{\"@type\":\"ImageObject\",\"inLanguage\":\"gl-ES\",\"@id\":\"https:\\\/\\\/pontecaldelas.gal\\\/gl\\\/#\\\/schema\\\/logo\\\/image\\\/\",\"url\":\"https:\\\/\\\/pontecaldelas.gal\\\/wp-content\\\/uploads\\\/2022\\\/12\\\/logo_PONTE_CALDELAS.png\",\"contentUrl\":\"https:\\\/\\\/pontecaldelas.gal\\\/wp-content\\\/uploads\\\/2022\\\/12\\\/logo_PONTE_CALDELAS.png\",\"width\":381,\"height\":125,\"caption\":\"Concello de Ponte Caldelas\"},\"image\":{\"@id\":\"https:\\\/\\\/pontecaldelas.gal\\\/gl\\\/#\\\/schema\\\/logo\\\/image\\\/\"},\"sameAs\":[\"https:\\\/\\\/www.facebook.com\\\/turismo.enpontecaldelas\",\"https:\\\/\\\/x.com\\\/Turpontcaldelas\"]}]}<\/script>\n<!-- \/ Yoast SEO plugin. -->","yoast_head_json":{"title":"Playa Fluvial de a Calzada - Concello de Ponte Caldelas","robots":{"index":"index","follow":"follow","max-snippet":"max-snippet:-1","max-image-preview":"max-image-preview:large","max-video-preview":"max-video-preview:-1"},"canonical":"https:\/\/pontecaldelas.gal\/gl\/playa-fluvial-de-a-calzada\/","og_locale":"gl_ES","og_type":"article","og_title":"Playa Fluvial de a Calzada - Concello de Ponte Caldelas","og_description":"La Playa Fluvial de A Calzada logra al primera Bandera Azul en una zona de ba\u00f1o fluvial La playa fluvial de A Calzada, en Ponte Caldelas, ha logrado la primera Bandera Azul de una zona de ba\u00f1o de estas caracter\u00edsticas en Espa\u00f1a, seg\u00fan el fallo hecho p\u00fablico por el jurado internacional que otorga estos galardones [&hellip;]","og_url":"https:\/\/pontecaldelas.gal\/gl\/playa-fluvial-de-a-calzada\/","og_site_name":"Concello de Ponte Caldelas","article_publisher":"https:\/\/www.facebook.com\/turismo.enpontecaldelas","article_modified_time":"2023-01-19T09:09:12+00:00","og_image":[{"url":"https:\/\/pontecaldelas.gal\/wp-content\/uploads\/2023\/01\/praia_fluvial_calzada-1024x681.jpg","type":"","width":"","height":""}],"twitter_card":"summary_large_image","twitter_site":"@Turpontcaldelas","twitter_misc":{"Tempo de lectura":"5 minutos"},"schema":{"@context":"https:\/\/schema.org","@graph":[{"@type":"WebPage","@id":"https:\/\/pontecaldelas.gal\/playa-fluvial-de-a-calzada\/","url":"https:\/\/pontecaldelas.gal\/playa-fluvial-de-a-calzada\/","name":"Playa Fluvial de a Calzada - Concello de Ponte Caldelas","isPartOf":{"@id":"https:\/\/pontecaldelas.gal\/gl\/#website"},"primaryImageOfPage":{"@id":"https:\/\/pontecaldelas.gal\/playa-fluvial-de-a-calzada\/#primaryimage"},"image":{"@id":"https:\/\/pontecaldelas.gal\/playa-fluvial-de-a-calzada\/#primaryimage"},"thumbnailUrl":"https:\/\/pontecaldelas.gal\/wp-content\/uploads\/2023\/01\/praia_fluvial_calzada-1024x681.jpg","datePublished":"2023-01-19T09:09:11+00:00","dateModified":"2023-01-19T09:09:12+00:00","breadcrumb":{"@id":"https:\/\/pontecaldelas.gal\/playa-fluvial-de-a-calzada\/#breadcrumb"},"inLanguage":"gl-ES","potentialAction":[{"@type":"ReadAction","target":["https:\/\/pontecaldelas.gal\/playa-fluvial-de-a-calzada\/"]}]},{"@type":"ImageObject","inLanguage":"gl-ES","@id":"https:\/\/pontecaldelas.gal\/playa-fluvial-de-a-calzada\/#primaryimage","url":"https:\/\/pontecaldelas.gal\/wp-content\/uploads\/2023\/01\/praia_fluvial_calzada-1024x681.jpg","contentUrl":"https:\/\/pontecaldelas.gal\/wp-content\/uploads\/2023\/01\/praia_fluvial_calzada-1024x681.jpg"},{"@type":"BreadcrumbList","@id":"https:\/\/pontecaldelas.gal\/playa-fluvial-de-a-calzada\/#breadcrumb","itemListElement":[{"@type":"ListItem","position":1,"name":"Portada","item":"https:\/\/pontecaldelas.gal\/"},{"@type":"ListItem","position":2,"name":"Playa Fluvial de a Calzada"}]},{"@type":"WebSite","@id":"https:\/\/pontecaldelas.gal\/gl\/#website","url":"https:\/\/pontecaldelas.gal\/gl\/","name":"Concello de Ponte Caldelas","description":"","publisher":{"@id":"https:\/\/pontecaldelas.gal\/gl\/#organization"},"potentialAction":[{"@type":"SearchAction","target":{"@type":"EntryPoint","urlTemplate":"https:\/\/pontecaldelas.gal\/gl\/?s={search_term_string}"},"query-input":{"@type":"PropertyValueSpecification","valueRequired":true,"valueName":"search_term_string"}}],"inLanguage":"gl-ES"},{"@type":"Organization","@id":"https:\/\/pontecaldelas.gal\/gl\/#organization","name":"Concello de Ponte Caldelas","url":"https:\/\/pontecaldelas.gal\/gl\/","logo":{"@type":"ImageObject","inLanguage":"gl-ES","@id":"https:\/\/pontecaldelas.gal\/gl\/#\/schema\/logo\/image\/","url":"https:\/\/pontecaldelas.gal\/wp-content\/uploads\/2022\/12\/logo_PONTE_CALDELAS.png","contentUrl":"https:\/\/pontecaldelas.gal\/wp-content\/uploads\/2022\/12\/logo_PONTE_CALDELAS.png","width":381,"height":125,"caption":"Concello de Ponte Caldelas"},"image":{"@id":"https:\/\/pontecaldelas.gal\/gl\/#\/schema\/logo\/image\/"},"sameAs":["https:\/\/www.facebook.com\/turismo.enpontecaldelas","https:\/\/x.com\/Turpontcaldelas"]}]}},"uagb_featured_image_src":{"full":false,"thumbnail":false,"medium":false,"medium_large":false,"large":false,"1536x1536":false,"2048x2048":false,"trp-custom-language-flag":false},"uagb_author_info":{"display_name":"adminPC","author_link":"https:\/\/pontecaldelas.gal\/gl\/author\/adminpc\/"},"uagb_comment_info":0,"uagb_excerpt":"La Playa Fluvial de A Calzada logra al primera Bandera Azul en una zona de ba\u00f1o fluvial La playa fluvial de A Calzada, en Ponte Caldelas, ha logrado la primera Bandera Azul de una zona de ba\u00f1o de estas caracter\u00edsticas en Espa\u00f1a, seg\u00fan el fallo hecho p\u00fablico por el jurado internacional que otorga estos galardones&hellip;","_links":{"self":[{"href":"https:\/\/pontecaldelas.gal\/gl\/wp-json\/wp\/v2\/pages\/583","targetHints":{"allow":["GET"]}}],"collection":[{"href":"https:\/\/pontecaldelas.gal\/gl\/wp-json\/wp\/v2\/pages"}],"about":[{"href":"https:\/\/pontecaldelas.gal\/gl\/wp-json\/wp\/v2\/types\/page"}],"author":[{"embeddable":true,"href":"https:\/\/pontecaldelas.gal\/gl\/wp-json\/wp\/v2\/users\/1"}],"replies":[{"embeddable":true,"href":"https:\/\/pontecaldelas.gal\/gl\/wp-json\/wp\/v2\/comments?post=583"}],"version-history":[{"count":1,"href":"https:\/\/pontecaldelas.gal\/gl\/wp-json\/wp\/v2\/pages\/583\/revisions"}],"predecessor-version":[{"id":590,"href":"https:\/\/pontecaldelas.gal\/gl\/wp-json\/wp\/v2\/pages\/583\/revisions\/590"}],"wp:attachment":[{"href":"https:\/\/pontecaldelas.gal\/gl\/wp-json\/wp\/v2\/media?parent=583"}],"curies":[{"name":"wp","href":"https:\/\/api.w.org\/{rel}","templated":true}]}}