{"id":420,"date":"2022-12-12T13:33:30","date_gmt":"2022-12-12T13:33:30","guid":{"rendered":"https:\/\/pontecaldelas.gal\/?page_id=420"},"modified":"2022-12-12T13:33:30","modified_gmt":"2022-12-12T13:33:30","slug":"historia","status":"publish","type":"page","link":"https:\/\/pontecaldelas.gal\/gl\/historia\/","title":{"rendered":"Historia"},"content":{"rendered":"<figure class=\"wp-block-image aligncenter size-full\"><img fetchpriority=\"high\" decoding=\"async\" width=\"677\" height=\"241\" src=\"https:\/\/pontecaldelas.gal\/wp-content\/uploads\/2022\/12\/FONDO_HISTORIA.jpg\" alt=\"\" class=\"wp-image-421\" srcset=\"https:\/\/pontecaldelas.gal\/wp-content\/uploads\/2022\/12\/FONDO_HISTORIA.jpg 677w, https:\/\/pontecaldelas.gal\/wp-content\/uploads\/2022\/12\/FONDO_HISTORIA-300x107.jpg 300w\" sizes=\"(max-width: 677px) 100vw, 677px\" \/><\/figure>\n\n\n\n<h2 class=\"wp-block-heading\">O NOME<\/h2>\n\n\n\n<p>O Concello de Ponte Caldelas recibiu o seu nome seguramente da antiga ponte sobre o r\u00edo Verdugo e das s\u00faas augas termais sulfuroso-s\u00f3dicas. Cre que cando os romanos melloraron Pontevedra o fixeron tam\u00e9n a Ponte Caldelas.<\/p>\n\n\n\n<p>A vila foi patrimonio da catedral de Santiago de Compostela, d\u00e1ndolle Gelm\u00edrez privilexios e franqu\u00edas. Conta a tradici\u00f3n que a famosa ra\u00ed\u00f1a Lupa ou Loba que perseguiu aos disc\u00edpulos do Ap\u00f3stolo Santiago foi natural desta vila ou residiu nela, o que se se puido constatar \u00e9 que en 1.126 o rei Alfonso VII lle concedeu o t\u00edtulo de La Muy Leal.<\/p>\n\n\n\n<p>As\u00ed mesmo na Guerra da Independencia o mariscal Soult foi derrotado nas inmediaci\u00f3ns de Ponte Caldelas ao pasar cun ex\u00e9rcito de 20.000 homes, e dende ent\u00f3n agregouse ao escudo deste Concello, que formaba a ponte sarmentado, unha cruz en honor das v\u00edtimas desta batalla, librada na ponte que lle da nomee en 1809.<\/p>\n\n\n\n<p>No per\u00edodo preconstitucional chegaron a funcionar os concellos de Caldelas, Tour\u00f3n e A Insua.<\/p>\n\n\n\n<p>Xa no proceso de establecemento constitucional dos concellos, este territorio foi integrado no partido xudicial de Caldevergazo ou A Lama, que logo no ano 1845 cambiar\u00eda a s\u00faa denominaci\u00f3n e capitalidade por Ponte Caldelas; ser\u00e1 no ano 1836, dentro da planificaci\u00f3n definitiva para o antedito partido xudicial, cando se establece o concello de Caldelas.<\/p>\n\n\n\n<p>Esta denominaci\u00f3n modificouse pola de Ponte Caldelas en 1845 coincidindo coa adxudicaci\u00f3n da capitalidade do partido xudicial; inicialmente, a\u00ednda co mesmo territorio que hoxe, estaba formado por oito parroquias, \u00e1s que se engadir\u00eda no ano 1868 a de Caritel, segregada da de Santa Eulalia de Ponte Caldelas.<\/p>\n\n\n\n<div style=\"height:20px\" aria-hidden=\"true\" class=\"wp-block-spacer\"><\/div>\n\n\n\n<h2 class=\"wp-block-heading\">Monumentos<\/h2>\n\n\n\n<p>Os primeiros \"monumentos\" \u00f3s que lles vamos a prestar atenci\u00f3n son os PETROGLIFOS de Tour\u00f3n.<\/p>\n\n\n\n<p>A riqueza e variedade de motivos representados en \"Outeiro das Sombri\u00f1as\" constit\u00faen un dos mellores exemplos da nosa arte rupestre.<\/p>\n\n\n\n<p>Como sucede noutros municipios galegos, no Concello de Ponte Caldelas destaca desde o punto de vista monumentallas construcciones de car\u00e1cter relixioso.<\/p>\n\n\n\n<p>As\u00ed podemos mencionar a rom\u00e1nica igrexa parroquial de Tour\u00f3n, de finais do s\u00e9culo XII que conserva deste arte a fachada e o arco do presbiterio. Nunha fachada lateral existe un escudo dos Pazos de Proben.<\/p>\n\n\n\n<p>A igrexa parroquial de Santa Eulalia de Ponte Caldelas destaca polo seu retablo p\u00e9treo obra do mestre D. Manuel Gonz\u00e1lez, autor tam\u00e9n da fonte que se encontra na \"Plazuela del Obispo\" no centro da vila e do Calvario de Barbudo.<\/p>\n\n\n\n<p>As\u00ed mesmo, tam\u00e9n destacan as igrexas da Insua, aberta ao val cun Via Crucis de pedra arredor do adro e da igrexa de Xust\u00e1ns (conxunto de igrexa e cemiterio con outro interesante cruceiro).<\/p>\n\n\n\n<p>En canto \u00e1s capelas:<\/p>\n\n\n\n<ul class=\"wp-block-list\">\n<li>Capela de Casteli\u00f1o ao Sagrado Coraz\u00f3n de Xes\u00fas. Dende ela p\u00f3dese divisar unha ampla panor\u00e1mica que mesmo chega \u00e1 r\u00eda de Pontevedra. A suba a ese monte faise seguindo un via crucis de pedra, existindo unha lenda sobre unha pisada de cabalo do ap\u00f3stolo Santiago nunha pedra das inmediaci\u00f3ns.<\/li>\n\n\n\n<li>Capela de San Vicente de Parada. Situada nun marco extraordinario pola s\u00faa beleza natural e a proximidade dun r\u00edo. Conta con restos dun sepulcro antropomorfo e todos os anos se celebra uha tradicional romaxe na s\u00faa honra e que congrega gran cantidade de devotos.<\/li>\n\n\n\n<li>Capela de Santa Comba de Rebordelo. Noutra bonita paraxe e famosa pola multitudinaria romaxe que se celebra na s\u00faa honra.<\/li>\n\n\n\n<li>Capela de Cristo Rei en Xust\u00e1ns. Dende onde se divisa unha extraordinaria panor\u00e1mica, existindo non moi lonxe dos petroglifos cuadr\u00fapedes.<\/li>\n<\/ul>\n\n\n\n<p>A riqueza monumental deste municipio compl\u00e9tase con innumerables cruceiros e petos de \u00e1nimas sen que se nos esquecen varios pazos entre os que destacan o pazo do Pombal en Tour\u00f3n, fundado en 1.688 por D. Pedro de Pazos Proben, e outro pazo tam\u00e9n en Tour\u00f3n que se corresponde coa antiga Casa d\u00e1 Inquisici\u00f3n, ambos os dous hoxe de propiedade privada.<\/p>","protected":false},"excerpt":{"rendered":"<p>El Nombre El Concello de Ponte Caldelas recibi\u00f3 su nombre seguramente del antiguo puente sobre el r\u00edo Verdugo y de sus aguas termales sulfuroso-s\u00f3dicas. Se cree que cuando los romanos mejoraron Pontevedra lo hicieron tambi\u00e9n a Ponte Caldelas. La villa fue patrimonio de la catedral de Santiago de Compostela, d\u00e1ndole Gelm\u00edrez privilegios y franquicias. Cuenta [&hellip;]<\/p>\n","protected":false},"author":1,"featured_media":0,"parent":0,"menu_order":0,"comment_status":"closed","ping_status":"closed","template":"","meta":{"_uag_custom_page_level_css":"","footnotes":""},"class_list":["post-420","page","type-page","status-publish","hentry"],"yoast_head":"<!-- This site is optimized with the Yoast SEO plugin v27.3 - https:\/\/yoast.com\/product\/yoast-seo-wordpress\/ -->\n<title>Historia - Concello de Ponte Caldelas<\/title>\n<meta name=\"robots\" content=\"index, follow, max-snippet:-1, max-image-preview:large, max-video-preview:-1\" \/>\n<link rel=\"canonical\" href=\"https:\/\/pontecaldelas.gal\/gl\/historia\/\" \/>\n<meta property=\"og:locale\" content=\"gl_ES\" \/>\n<meta property=\"og:type\" content=\"article\" \/>\n<meta property=\"og:title\" content=\"Historia - Concello de Ponte Caldelas\" \/>\n<meta property=\"og:description\" content=\"El Nombre El Concello de Ponte Caldelas recibi\u00f3 su nombre seguramente del antiguo puente sobre el r\u00edo Verdugo y de sus aguas termales sulfuroso-s\u00f3dicas. Se cree que cuando los romanos mejoraron Pontevedra lo hicieron tambi\u00e9n a Ponte Caldelas. La villa fue patrimonio de la catedral de Santiago de Compostela, d\u00e1ndole Gelm\u00edrez privilegios y franquicias. Cuenta [&hellip;]\" \/>\n<meta property=\"og:url\" content=\"https:\/\/pontecaldelas.gal\/gl\/historia\/\" \/>\n<meta property=\"og:site_name\" content=\"Concello de Ponte Caldelas\" \/>\n<meta property=\"article:publisher\" content=\"https:\/\/www.facebook.com\/turismo.enpontecaldelas\" \/>\n<meta property=\"og:image\" content=\"https:\/\/pontecaldelas.gal\/wp-content\/uploads\/2022\/12\/FONDO_HISTORIA.jpg\" \/>\n<meta name=\"twitter:card\" content=\"summary_large_image\" \/>\n<meta name=\"twitter:site\" content=\"@Turpontcaldelas\" \/>\n<meta name=\"twitter:label1\" content=\"Tempo de lectura\" \/>\n\t<meta name=\"twitter:data1\" content=\"4 minutos\" \/>\n<script type=\"application\/ld+json\" class=\"yoast-schema-graph\">{\"@context\":\"https:\\\/\\\/schema.org\",\"@graph\":[{\"@type\":\"WebPage\",\"@id\":\"https:\\\/\\\/pontecaldelas.gal\\\/historia\\\/\",\"url\":\"https:\\\/\\\/pontecaldelas.gal\\\/historia\\\/\",\"name\":\"Historia - Concello de Ponte Caldelas\",\"isPartOf\":{\"@id\":\"https:\\\/\\\/pontecaldelas.gal\\\/gl\\\/#website\"},\"primaryImageOfPage\":{\"@id\":\"https:\\\/\\\/pontecaldelas.gal\\\/historia\\\/#primaryimage\"},\"image\":{\"@id\":\"https:\\\/\\\/pontecaldelas.gal\\\/historia\\\/#primaryimage\"},\"thumbnailUrl\":\"https:\\\/\\\/pontecaldelas.gal\\\/wp-content\\\/uploads\\\/2022\\\/12\\\/FONDO_HISTORIA.jpg\",\"datePublished\":\"2022-12-12T13:33:30+00:00\",\"breadcrumb\":{\"@id\":\"https:\\\/\\\/pontecaldelas.gal\\\/historia\\\/#breadcrumb\"},\"inLanguage\":\"gl-ES\",\"potentialAction\":[{\"@type\":\"ReadAction\",\"target\":[\"https:\\\/\\\/pontecaldelas.gal\\\/historia\\\/\"]}]},{\"@type\":\"ImageObject\",\"inLanguage\":\"gl-ES\",\"@id\":\"https:\\\/\\\/pontecaldelas.gal\\\/historia\\\/#primaryimage\",\"url\":\"https:\\\/\\\/pontecaldelas.gal\\\/wp-content\\\/uploads\\\/2022\\\/12\\\/FONDO_HISTORIA.jpg\",\"contentUrl\":\"https:\\\/\\\/pontecaldelas.gal\\\/wp-content\\\/uploads\\\/2022\\\/12\\\/FONDO_HISTORIA.jpg\"},{\"@type\":\"BreadcrumbList\",\"@id\":\"https:\\\/\\\/pontecaldelas.gal\\\/historia\\\/#breadcrumb\",\"itemListElement\":[{\"@type\":\"ListItem\",\"position\":1,\"name\":\"Portada\",\"item\":\"https:\\\/\\\/pontecaldelas.gal\\\/\"},{\"@type\":\"ListItem\",\"position\":2,\"name\":\"Historia\"}]},{\"@type\":\"WebSite\",\"@id\":\"https:\\\/\\\/pontecaldelas.gal\\\/gl\\\/#website\",\"url\":\"https:\\\/\\\/pontecaldelas.gal\\\/gl\\\/\",\"name\":\"Concello de Ponte Caldelas\",\"description\":\"\",\"publisher\":{\"@id\":\"https:\\\/\\\/pontecaldelas.gal\\\/gl\\\/#organization\"},\"potentialAction\":[{\"@type\":\"SearchAction\",\"target\":{\"@type\":\"EntryPoint\",\"urlTemplate\":\"https:\\\/\\\/pontecaldelas.gal\\\/gl\\\/?s={search_term_string}\"},\"query-input\":{\"@type\":\"PropertyValueSpecification\",\"valueRequired\":true,\"valueName\":\"search_term_string\"}}],\"inLanguage\":\"gl-ES\"},{\"@type\":\"Organization\",\"@id\":\"https:\\\/\\\/pontecaldelas.gal\\\/gl\\\/#organization\",\"name\":\"Concello de Ponte Caldelas\",\"url\":\"https:\\\/\\\/pontecaldelas.gal\\\/gl\\\/\",\"logo\":{\"@type\":\"ImageObject\",\"inLanguage\":\"gl-ES\",\"@id\":\"https:\\\/\\\/pontecaldelas.gal\\\/gl\\\/#\\\/schema\\\/logo\\\/image\\\/\",\"url\":\"https:\\\/\\\/pontecaldelas.gal\\\/wp-content\\\/uploads\\\/2022\\\/12\\\/logo_PONTE_CALDELAS.png\",\"contentUrl\":\"https:\\\/\\\/pontecaldelas.gal\\\/wp-content\\\/uploads\\\/2022\\\/12\\\/logo_PONTE_CALDELAS.png\",\"width\":381,\"height\":125,\"caption\":\"Concello de Ponte Caldelas\"},\"image\":{\"@id\":\"https:\\\/\\\/pontecaldelas.gal\\\/gl\\\/#\\\/schema\\\/logo\\\/image\\\/\"},\"sameAs\":[\"https:\\\/\\\/www.facebook.com\\\/turismo.enpontecaldelas\",\"https:\\\/\\\/x.com\\\/Turpontcaldelas\"]}]}<\/script>\n<!-- \/ Yoast SEO plugin. -->","yoast_head_json":{"title":"Historia - Concello de Ponte Caldelas","robots":{"index":"index","follow":"follow","max-snippet":"max-snippet:-1","max-image-preview":"max-image-preview:large","max-video-preview":"max-video-preview:-1"},"canonical":"https:\/\/pontecaldelas.gal\/gl\/historia\/","og_locale":"gl_ES","og_type":"article","og_title":"Historia - Concello de Ponte Caldelas","og_description":"El Nombre El Concello de Ponte Caldelas recibi\u00f3 su nombre seguramente del antiguo puente sobre el r\u00edo Verdugo y de sus aguas termales sulfuroso-s\u00f3dicas. Se cree que cuando los romanos mejoraron Pontevedra lo hicieron tambi\u00e9n a Ponte Caldelas. La villa fue patrimonio de la catedral de Santiago de Compostela, d\u00e1ndole Gelm\u00edrez privilegios y franquicias. Cuenta [&hellip;]","og_url":"https:\/\/pontecaldelas.gal\/gl\/historia\/","og_site_name":"Concello de Ponte Caldelas","article_publisher":"https:\/\/www.facebook.com\/turismo.enpontecaldelas","og_image":[{"url":"https:\/\/pontecaldelas.gal\/wp-content\/uploads\/2022\/12\/FONDO_HISTORIA.jpg","type":"","width":"","height":""}],"twitter_card":"summary_large_image","twitter_site":"@Turpontcaldelas","twitter_misc":{"Tempo de lectura":"4 minutos"},"schema":{"@context":"https:\/\/schema.org","@graph":[{"@type":"WebPage","@id":"https:\/\/pontecaldelas.gal\/historia\/","url":"https:\/\/pontecaldelas.gal\/historia\/","name":"Historia - Concello de Ponte Caldelas","isPartOf":{"@id":"https:\/\/pontecaldelas.gal\/gl\/#website"},"primaryImageOfPage":{"@id":"https:\/\/pontecaldelas.gal\/historia\/#primaryimage"},"image":{"@id":"https:\/\/pontecaldelas.gal\/historia\/#primaryimage"},"thumbnailUrl":"https:\/\/pontecaldelas.gal\/wp-content\/uploads\/2022\/12\/FONDO_HISTORIA.jpg","datePublished":"2022-12-12T13:33:30+00:00","breadcrumb":{"@id":"https:\/\/pontecaldelas.gal\/historia\/#breadcrumb"},"inLanguage":"gl-ES","potentialAction":[{"@type":"ReadAction","target":["https:\/\/pontecaldelas.gal\/historia\/"]}]},{"@type":"ImageObject","inLanguage":"gl-ES","@id":"https:\/\/pontecaldelas.gal\/historia\/#primaryimage","url":"https:\/\/pontecaldelas.gal\/wp-content\/uploads\/2022\/12\/FONDO_HISTORIA.jpg","contentUrl":"https:\/\/pontecaldelas.gal\/wp-content\/uploads\/2022\/12\/FONDO_HISTORIA.jpg"},{"@type":"BreadcrumbList","@id":"https:\/\/pontecaldelas.gal\/historia\/#breadcrumb","itemListElement":[{"@type":"ListItem","position":1,"name":"Portada","item":"https:\/\/pontecaldelas.gal\/"},{"@type":"ListItem","position":2,"name":"Historia"}]},{"@type":"WebSite","@id":"https:\/\/pontecaldelas.gal\/gl\/#website","url":"https:\/\/pontecaldelas.gal\/gl\/","name":"Concello de Ponte Caldelas","description":"","publisher":{"@id":"https:\/\/pontecaldelas.gal\/gl\/#organization"},"potentialAction":[{"@type":"SearchAction","target":{"@type":"EntryPoint","urlTemplate":"https:\/\/pontecaldelas.gal\/gl\/?s={search_term_string}"},"query-input":{"@type":"PropertyValueSpecification","valueRequired":true,"valueName":"search_term_string"}}],"inLanguage":"gl-ES"},{"@type":"Organization","@id":"https:\/\/pontecaldelas.gal\/gl\/#organization","name":"Concello de Ponte Caldelas","url":"https:\/\/pontecaldelas.gal\/gl\/","logo":{"@type":"ImageObject","inLanguage":"gl-ES","@id":"https:\/\/pontecaldelas.gal\/gl\/#\/schema\/logo\/image\/","url":"https:\/\/pontecaldelas.gal\/wp-content\/uploads\/2022\/12\/logo_PONTE_CALDELAS.png","contentUrl":"https:\/\/pontecaldelas.gal\/wp-content\/uploads\/2022\/12\/logo_PONTE_CALDELAS.png","width":381,"height":125,"caption":"Concello de Ponte Caldelas"},"image":{"@id":"https:\/\/pontecaldelas.gal\/gl\/#\/schema\/logo\/image\/"},"sameAs":["https:\/\/www.facebook.com\/turismo.enpontecaldelas","https:\/\/x.com\/Turpontcaldelas"]}]}},"uagb_featured_image_src":{"full":false,"thumbnail":false,"medium":false,"medium_large":false,"large":false,"1536x1536":false,"2048x2048":false,"trp-custom-language-flag":false},"uagb_author_info":{"display_name":"adminPC","author_link":"https:\/\/pontecaldelas.gal\/gl\/author\/adminpc\/"},"uagb_comment_info":0,"uagb_excerpt":"El Nombre El Concello de Ponte Caldelas recibi\u00f3 su nombre seguramente del antiguo puente sobre el r\u00edo Verdugo y de sus aguas termales sulfuroso-s\u00f3dicas. Se cree que cuando los romanos mejoraron Pontevedra lo hicieron tambi\u00e9n a Ponte Caldelas. La villa fue patrimonio de la catedral de Santiago de Compostela, d\u00e1ndole Gelm\u00edrez privilegios y franquicias. Cuenta&hellip;","_links":{"self":[{"href":"https:\/\/pontecaldelas.gal\/gl\/wp-json\/wp\/v2\/pages\/420","targetHints":{"allow":["GET"]}}],"collection":[{"href":"https:\/\/pontecaldelas.gal\/gl\/wp-json\/wp\/v2\/pages"}],"about":[{"href":"https:\/\/pontecaldelas.gal\/gl\/wp-json\/wp\/v2\/types\/page"}],"author":[{"embeddable":true,"href":"https:\/\/pontecaldelas.gal\/gl\/wp-json\/wp\/v2\/users\/1"}],"replies":[{"embeddable":true,"href":"https:\/\/pontecaldelas.gal\/gl\/wp-json\/wp\/v2\/comments?post=420"}],"version-history":[{"count":1,"href":"https:\/\/pontecaldelas.gal\/gl\/wp-json\/wp\/v2\/pages\/420\/revisions"}],"predecessor-version":[{"id":422,"href":"https:\/\/pontecaldelas.gal\/gl\/wp-json\/wp\/v2\/pages\/420\/revisions\/422"}],"wp:attachment":[{"href":"https:\/\/pontecaldelas.gal\/gl\/wp-json\/wp\/v2\/media?parent=420"}],"curies":[{"name":"wp","href":"https:\/\/api.w.org\/{rel}","templated":true}]}}