{"id":396,"date":"2022-12-11T19:13:56","date_gmt":"2022-12-11T19:13:56","guid":{"rendered":"https:\/\/pontecaldelas.gal\/?page_id=396"},"modified":"2022-12-11T19:32:11","modified_gmt":"2022-12-11T19:32:11","slug":"espacios-naturales","status":"publish","type":"page","link":"https:\/\/pontecaldelas.gal\/gl\/espacios-naturales\/","title":{"rendered":"Espazos Naturais"},"content":{"rendered":"<p>A beleza natural da paisaxe de Ponte Caldelas destaca, sobre todo, polo contorno do r\u00edo Verdugo que atravesa a vila e o municipio cun mesto arboredo nas s\u00faas marxes e que ao seu paso pola vila se remansa coas s\u00faas augas cristalinas.<\/p>\n\n\n\n<p>Hai que sinalar, ao longo da canle, distintos lugares especialmente caracter\u00edsticos como son os pasos da Fraga e a praia fluvial da Calzada, moi concorrida por ba\u00f1istas e visitantes no ver\u00e1n.<\/p>\n\n\n\n<figure class=\"wp-block-gallery has-nested-images columns-default is-cropped wp-block-gallery-1 is-layout-flex wp-block-gallery-is-layout-flex\">\n<figure class=\"wp-block-image size-large\"><img fetchpriority=\"high\" decoding=\"async\" width=\"300\" height=\"199\" data-id=\"397\" src=\"https:\/\/pontecaldelas.gal\/wp-content\/uploads\/2022\/12\/pasos_a_fraga.jpg\" alt=\"\" class=\"wp-image-397\"\/><figcaption class=\"wp-element-caption\">Vista del r\u00edo Verdugo<\/figcaption><\/figure>\n\n\n\n<figure class=\"wp-block-image size-large\"><img decoding=\"async\" width=\"300\" height=\"200\" data-id=\"398\" src=\"https:\/\/pontecaldelas.gal\/wp-content\/uploads\/2022\/12\/vista_fervenza.jpg\" alt=\"\" class=\"wp-image-398\"\/><figcaption class=\"wp-element-caption\">\u00abOs Pasos\u00bb en A Fraga<\/figcaption><\/figure>\n<\/figure>\n\n\n\n<div style=\"height:20px\" aria-hidden=\"true\" class=\"wp-block-spacer\"><\/div>\n\n\n\n<blockquote class=\"wp-block-quote is-layout-flow wp-block-quote-is-layout-flow\">\n<blockquote class=\"wp-block-quote is-layout-flow wp-block-quote-is-layout-flow\">\n<blockquote class=\"wp-block-quote is-layout-flow wp-block-quote-is-layout-flow\">\n<blockquote class=\"wp-block-quote is-layout-flow wp-block-quote-is-layout-flow\">\n<p><\/p>\n<\/blockquote>\n<\/blockquote>\n<\/blockquote>\n<\/blockquote>\n\n\n\n<p class=\"has-white-color has-text-color has-background\" style=\"background-color:#0c71bf\"><strong>\u00abOS PASOS\u00bb<\/strong>&nbsp;son empleados para vadear o r\u00edo, no cami\u00f1o antigo Ponte Caldelas - A Lama.<br><strong>COMO CHEGAR:<\/strong>&nbsp;Sa\u00edndo de Ponte Caldelas, direcci\u00f3n a A Ca\u00f1iza, antes de Caritel hai un desv\u00edo \u00e1 esquerda a \"As Fragas\" (de abaixo), un cami\u00f1o que conduce ao \"coto de Pesca\" nos leva a \"Os Pasos\". No contorno podemos contemplar varios mu\u00ed\u00f1os, un deles incluso con vivenda na planta superior (seguindo o cami\u00f1o a Lama), petos de \u00e1nimas, e unha impresionante paisaxe dominada polo r\u00edo.<\/p>\n\n\n\n<figure class=\"wp-block-gallery has-nested-images columns-2 is-cropped wp-block-gallery-2 is-layout-flex wp-block-gallery-is-layout-flex\">\n<figure class=\"wp-block-image size-large\"><img decoding=\"async\" width=\"150\" height=\"100\" data-id=\"402\" src=\"https:\/\/pontecaldelas.gal\/wp-content\/uploads\/2022\/12\/altar_as_fragas.jpg\" alt=\"\" class=\"wp-image-402\"\/><figcaption class=\"wp-element-caption\">Antiguo peto de \u00e1nimas<\/figcaption><\/figure>\n\n\n\n<figure class=\"wp-block-image size-large\"><img loading=\"lazy\" decoding=\"async\" width=\"300\" height=\"199\" data-id=\"404\" src=\"https:\/\/pontecaldelas.gal\/wp-content\/uploads\/2022\/12\/pasos_a_fraga2.jpg\" alt=\"\" class=\"wp-image-404\"\/><figcaption class=\"wp-element-caption\">Detalle de \u00abOs Pasos\u00bb<\/figcaption><\/figure>\n\n\n\n<figure class=\"wp-block-image size-large\"><img loading=\"lazy\" decoding=\"async\" width=\"300\" height=\"199\" data-id=\"405\" src=\"https:\/\/pontecaldelas.gal\/wp-content\/uploads\/2022\/12\/praia_fluvial.jpg\" alt=\"\" class=\"wp-image-405\"\/><figcaption class=\"wp-element-caption\">Playa Fluvial \u00abA Calzada\u00bb<\/figcaption><\/figure>\n\n\n\n<figure class=\"wp-block-image size-large\"><img loading=\"lazy\" decoding=\"async\" width=\"300\" height=\"199\" data-id=\"406\" src=\"https:\/\/pontecaldelas.gal\/wp-content\/uploads\/2022\/12\/praia_fluvial2.jpg\" alt=\"\" class=\"wp-image-406\"\/><figcaption class=\"wp-element-caption\">Parque infantil<\/figcaption><\/figure>\n<\/figure>\n\n\n\n<p>En xeral, todo o percorrido do r\u00edo Verdugo \u00e9 dunha gran beleza e recomendado para todo aquel que sexa aficionado as excursi\u00f3ns en contacto coa natureza.<\/p>\n\n\n\n<div style=\"height:20px\" aria-hidden=\"true\" class=\"wp-block-spacer\"><\/div>\n\n\n\n<div class=\"wp-block-columns has-background is-layout-flex wp-container-core-columns-is-layout-28f84493 wp-block-columns-is-layout-flex\" style=\"background-color:#0c71bf\">\n<div class=\"wp-block-column is-vertically-aligned-center is-layout-flow wp-block-column-is-layout-flow\" style=\"flex-basis:25%\">\n<figure class=\"wp-block-image aligncenter size-full is-resized\"><img loading=\"lazy\" decoding=\"async\" src=\"https:\/\/pontecaldelas.gal\/wp-content\/uploads\/2022\/12\/cascada.jpg\" alt=\"\" class=\"wp-image-408\" width=\"174\" height=\"86\" srcset=\"https:\/\/pontecaldelas.gal\/wp-content\/uploads\/2022\/12\/cascada.jpg 404w, https:\/\/pontecaldelas.gal\/wp-content\/uploads\/2022\/12\/cascada-300x149.jpg 300w\" sizes=\"(max-width: 174px) 100vw, 174px\" \/><\/figure>\n<\/div>\n\n\n\n<div class=\"wp-block-column is-vertically-aligned-center is-layout-flow wp-block-column-is-layout-flow\" style=\"flex-basis:70%\">\n<p class=\"has-text-align-left has-white-color has-text-color\"><strong>COMO CHEGAR<\/strong>: Inda que se atopa no lugar de A Roca, o seu acceso ten que facerse pola otra ribeira do r\u00edo Verdugo. Sa\u00edndo de Ponte Cadelas cara Pontevedra collemos \u00e1 esquerda por Cu\u00f1as e a uns 2 km atala central hidroel\u00e9ctrica. Remontando o r\u00edo (con dificultade) entre grandes pe\u00f1ascos ch\u00e9gase \u00e1s cataratas.<\/p>\n<\/div>\n\n\n\n<div class=\"wp-block-column is-layout-flow wp-block-column-is-layout-flow\" style=\"flex-basis:2%\"><\/div>\n<\/div>\n\n\n\n<figure class=\"wp-block-gallery has-nested-images columns-2 is-cropped wp-block-gallery-3 is-layout-flex wp-block-gallery-is-layout-flex\">\n<figure class=\"wp-block-image size-large\"><img loading=\"lazy\" decoding=\"async\" width=\"300\" height=\"199\" data-id=\"410\" src=\"https:\/\/pontecaldelas.gal\/wp-content\/uploads\/2022\/12\/pe_da_mua2.jpg\" alt=\"\" class=\"wp-image-410\"\/><figcaption class=\"wp-element-caption\">\u00abP\u00e9 da M\u00faa\u00bb en Cu\u00f1as<\/figcaption><\/figure>\n\n\n\n<figure class=\"wp-block-image size-large\"><img loading=\"lazy\" decoding=\"async\" width=\"300\" height=\"199\" data-id=\"411\" src=\"https:\/\/pontecaldelas.gal\/wp-content\/uploads\/2022\/12\/pe_da_mua1.jpg\" alt=\"\" class=\"wp-image-411\"\/><figcaption class=\"wp-element-caption\">\u00c1rea recreativa \u00abP\u00e9 da M\u00faa\u00bb<\/figcaption><\/figure>\n\n\n\n<figure class=\"wp-block-image size-large\"><img loading=\"lazy\" decoding=\"async\" width=\"300\" height=\"199\" data-id=\"412\" src=\"https:\/\/pontecaldelas.gal\/wp-content\/uploads\/2022\/12\/carballeira_caritel.jpg\" alt=\"\" class=\"wp-image-412\"\/><figcaption class=\"wp-element-caption\">Carballeira de Caritel<\/figcaption><\/figure>\n\n\n\n<figure class=\"wp-block-image size-large\"><img loading=\"lazy\" decoding=\"async\" width=\"300\" height=\"199\" data-id=\"413\" src=\"https:\/\/pontecaldelas.gal\/wp-content\/uploads\/2022\/12\/viveiro_pazos.jpg\" alt=\"\" class=\"wp-image-413\"\/><figcaption class=\"wp-element-caption\">\u00abViveiro de Pazos\u00bb<\/figcaption><\/figure>\n<\/figure>\n\n\n\n<div style=\"height:20px\" aria-hidden=\"true\" class=\"wp-block-spacer\"><\/div>\n\n\n\n<p class=\"has-white-color has-text-color has-background\" style=\"background-color:#0c71bf\"><strong>COMO CHEGAR:<\/strong><\/p>\n\n\n\n<ul class=\"has-white-color has-text-color has-background wp-block-list\" style=\"background-color:#0c71bf\">\n<li>Viveiro de Pazos: Sa\u00edndo de Ponte Caldelas direcci\u00f3n a Ca\u00f1iza (PO-255), cruce \u00e1 dereit indicado, todo recto ata chegar a unha bifurcaci\u00f3n, coller \u00e1 dereita e todo recto.<\/li>\n\n\n\n<li>Carballeira de Caritel: PO-255 direcci\u00f3n a Ca\u00f1iza, ao final de Caritel cruce \u00e1 dereita. Viveiro \"P\u00e9 da M\u00faa\": Dende Ponte Caldelas, en direcci\u00f3n a Caldelas, todo recto, pasando o desv\u00edo para o Casteli\u00f1o, m\u00e1is adiante pegado \u00e1 estrada \u00e1 dereita (desv\u00edo sen pavimentar).<\/li>\n\n\n\n<li>Cristo Rei: Na parroquia de Xust\u00e1ns, no lugar de Baltar, hai indicaci\u00f3ns para chegar.<\/li>\n<\/ul>\n\n\n\n<figure class=\"wp-block-image aligncenter size-full\"><img loading=\"lazy\" decoding=\"async\" width=\"600\" height=\"140\" src=\"https:\/\/pontecaldelas.gal\/wp-content\/uploads\/2022\/12\/vista_cristo_rei.jpg\" alt=\"\" class=\"wp-image-414\" srcset=\"https:\/\/pontecaldelas.gal\/wp-content\/uploads\/2022\/12\/vista_cristo_rei.jpg 600w, https:\/\/pontecaldelas.gal\/wp-content\/uploads\/2022\/12\/vista_cristo_rei-300x70.jpg 300w\" sizes=\"(max-width: 600px) 100vw, 600px\" \/><figcaption class=\"wp-element-caption\"><em>Vistas desde Cristo Rei en Xust\u00e1ns<\/em><\/figcaption><\/figure>\n\n\n\n<p>O apartado etnogr\u00e1fico, podemos completalo cos sempre sorprendentes entornos naturais nos que se asentan os numerosos mu\u00ed\u00f1os de auga que se atopan ao largo do r\u00edo e dos regatos.<\/p>\n\n\n\n<div style=\"height:20px\" aria-hidden=\"true\" class=\"wp-block-spacer\"><\/div>\n\n\n\n<div class=\"wp-block-columns has-background is-layout-flex wp-container-core-columns-is-layout-28f84493 wp-block-columns-is-layout-flex\" style=\"background-color:#0c71bf\">\n<div class=\"wp-block-column is-vertically-aligned-center is-layout-flow wp-block-column-is-layout-flow\" style=\"flex-basis:25%\">\n<figure class=\"wp-block-image aligncenter size-full is-resized\"><img loading=\"lazy\" decoding=\"async\" src=\"https:\/\/pontecaldelas.gal\/wp-content\/uploads\/2022\/12\/muino_arriba.jpg\" alt=\"\" class=\"wp-image-415\" width=\"149\" height=\"98\"\/><\/figure>\n<\/div>\n\n\n\n<div class=\"wp-block-column is-vertically-aligned-center is-layout-flow wp-block-column-is-layout-flow\" style=\"flex-basis:70%\">\n<p class=\"has-text-align-left has-white-color has-text-color\"><strong><strong>COMO CHEGAR<\/strong>: Mui\u00f1o \"Darriba\" en Taboadelo: Sa\u00edndo de Ponte Caldelas direcci\u00f3n a Pontevedra (Po-255), pasando Cu\u00f1as, cruce \u00e1 esquerda indicando Parada, todo recto ata chegar a unha bifurcaci\u00f3n, coller \u00e1 dereita e todo recto. Est\u00e1 pasando a capela de San Vicente (escondida \u00e1 dereita) , \"ao final\" dun cami\u00f1o sen pavimentar a man esquerda da estrada.<\/strong><\/p>\n<\/div>\n\n\n\n<div class=\"wp-block-column is-layout-flow wp-block-column-is-layout-flow\" style=\"flex-basis:2%\"><\/div>\n<\/div>\n\n\n\n<p>O concello est\u00e1 muoi ben dotado de todo tipo de servizos, as\u00ed como de parques, xard\u00edns e unha alameda que garda un especial atractivo para ser visitada.<\/p>","protected":false},"excerpt":{"rendered":"<p>La belleza natural del paisaje de Ponte Caldelas destaca, sobre todo, por el contorno del r\u00edo Verdugo que atraviesa la villa y el municipio con un tupido arbolado en sus m\u00e1rgenes y que a su paso por la villa se remansa con sus aguas cristalinas. Hay que se\u00f1alar, a lo largo del canal, distintos lugares [&hellip;]<\/p>\n","protected":false},"author":1,"featured_media":0,"parent":0,"menu_order":0,"comment_status":"closed","ping_status":"closed","template":"","meta":{"_uag_custom_page_level_css":"","footnotes":""},"class_list":["post-396","page","type-page","status-publish","hentry"],"yoast_head":"<!-- This site is optimized with the Yoast SEO plugin v27.3 - https:\/\/yoast.com\/product\/yoast-seo-wordpress\/ -->\n<title>Espacios Naturales - Concello de Ponte Caldelas<\/title>\n<meta name=\"robots\" content=\"index, follow, max-snippet:-1, max-image-preview:large, max-video-preview:-1\" \/>\n<link rel=\"canonical\" href=\"https:\/\/pontecaldelas.gal\/gl\/espacios-naturales\/\" \/>\n<meta property=\"og:locale\" content=\"gl_ES\" \/>\n<meta property=\"og:type\" content=\"article\" \/>\n<meta property=\"og:title\" content=\"Espacios Naturales - Concello de Ponte Caldelas\" \/>\n<meta property=\"og:description\" content=\"La belleza natural del paisaje de Ponte Caldelas destaca, sobre todo, por el contorno del r\u00edo Verdugo que atraviesa la villa y el municipio con un tupido arbolado en sus m\u00e1rgenes y que a su paso por la villa se remansa con sus aguas cristalinas. Hay que se\u00f1alar, a lo largo del canal, distintos lugares [&hellip;]\" \/>\n<meta property=\"og:url\" content=\"https:\/\/pontecaldelas.gal\/gl\/espacios-naturales\/\" \/>\n<meta property=\"og:site_name\" content=\"Concello de Ponte Caldelas\" \/>\n<meta property=\"article:publisher\" content=\"https:\/\/www.facebook.com\/turismo.enpontecaldelas\" \/>\n<meta property=\"article:modified_time\" content=\"2022-12-11T19:32:11+00:00\" \/>\n<meta property=\"og:image\" content=\"https:\/\/pontecaldelas.gal\/wp-content\/uploads\/2022\/12\/pasos_a_fraga.jpg\" \/>\n<meta name=\"twitter:card\" content=\"summary_large_image\" \/>\n<meta name=\"twitter:site\" content=\"@Turpontcaldelas\" \/>\n<meta name=\"twitter:label1\" content=\"Tempo de lectura\" \/>\n\t<meta name=\"twitter:data1\" content=\"3 minutos\" \/>\n<script type=\"application\/ld+json\" class=\"yoast-schema-graph\">{\"@context\":\"https:\\\/\\\/schema.org\",\"@graph\":[{\"@type\":\"WebPage\",\"@id\":\"https:\\\/\\\/pontecaldelas.gal\\\/espacios-naturales\\\/\",\"url\":\"https:\\\/\\\/pontecaldelas.gal\\\/espacios-naturales\\\/\",\"name\":\"Espacios Naturales - Concello de Ponte Caldelas\",\"isPartOf\":{\"@id\":\"https:\\\/\\\/pontecaldelas.gal\\\/gl\\\/#website\"},\"primaryImageOfPage\":{\"@id\":\"https:\\\/\\\/pontecaldelas.gal\\\/espacios-naturales\\\/#primaryimage\"},\"image\":{\"@id\":\"https:\\\/\\\/pontecaldelas.gal\\\/espacios-naturales\\\/#primaryimage\"},\"thumbnailUrl\":\"https:\\\/\\\/pontecaldelas.gal\\\/wp-content\\\/uploads\\\/2022\\\/12\\\/pasos_a_fraga.jpg\",\"datePublished\":\"2022-12-11T19:13:56+00:00\",\"dateModified\":\"2022-12-11T19:32:11+00:00\",\"breadcrumb\":{\"@id\":\"https:\\\/\\\/pontecaldelas.gal\\\/espacios-naturales\\\/#breadcrumb\"},\"inLanguage\":\"gl-ES\",\"potentialAction\":[{\"@type\":\"ReadAction\",\"target\":[\"https:\\\/\\\/pontecaldelas.gal\\\/espacios-naturales\\\/\"]}]},{\"@type\":\"ImageObject\",\"inLanguage\":\"gl-ES\",\"@id\":\"https:\\\/\\\/pontecaldelas.gal\\\/espacios-naturales\\\/#primaryimage\",\"url\":\"https:\\\/\\\/pontecaldelas.gal\\\/wp-content\\\/uploads\\\/2022\\\/12\\\/pasos_a_fraga.jpg\",\"contentUrl\":\"https:\\\/\\\/pontecaldelas.gal\\\/wp-content\\\/uploads\\\/2022\\\/12\\\/pasos_a_fraga.jpg\"},{\"@type\":\"BreadcrumbList\",\"@id\":\"https:\\\/\\\/pontecaldelas.gal\\\/espacios-naturales\\\/#breadcrumb\",\"itemListElement\":[{\"@type\":\"ListItem\",\"position\":1,\"name\":\"Portada\",\"item\":\"https:\\\/\\\/pontecaldelas.gal\\\/\"},{\"@type\":\"ListItem\",\"position\":2,\"name\":\"Espacios Naturales\"}]},{\"@type\":\"WebSite\",\"@id\":\"https:\\\/\\\/pontecaldelas.gal\\\/gl\\\/#website\",\"url\":\"https:\\\/\\\/pontecaldelas.gal\\\/gl\\\/\",\"name\":\"Concello de Ponte Caldelas\",\"description\":\"\",\"publisher\":{\"@id\":\"https:\\\/\\\/pontecaldelas.gal\\\/gl\\\/#organization\"},\"potentialAction\":[{\"@type\":\"SearchAction\",\"target\":{\"@type\":\"EntryPoint\",\"urlTemplate\":\"https:\\\/\\\/pontecaldelas.gal\\\/gl\\\/?s={search_term_string}\"},\"query-input\":{\"@type\":\"PropertyValueSpecification\",\"valueRequired\":true,\"valueName\":\"search_term_string\"}}],\"inLanguage\":\"gl-ES\"},{\"@type\":\"Organization\",\"@id\":\"https:\\\/\\\/pontecaldelas.gal\\\/gl\\\/#organization\",\"name\":\"Concello de Ponte Caldelas\",\"url\":\"https:\\\/\\\/pontecaldelas.gal\\\/gl\\\/\",\"logo\":{\"@type\":\"ImageObject\",\"inLanguage\":\"gl-ES\",\"@id\":\"https:\\\/\\\/pontecaldelas.gal\\\/gl\\\/#\\\/schema\\\/logo\\\/image\\\/\",\"url\":\"https:\\\/\\\/pontecaldelas.gal\\\/wp-content\\\/uploads\\\/2022\\\/12\\\/logo_PONTE_CALDELAS.png\",\"contentUrl\":\"https:\\\/\\\/pontecaldelas.gal\\\/wp-content\\\/uploads\\\/2022\\\/12\\\/logo_PONTE_CALDELAS.png\",\"width\":381,\"height\":125,\"caption\":\"Concello de Ponte Caldelas\"},\"image\":{\"@id\":\"https:\\\/\\\/pontecaldelas.gal\\\/gl\\\/#\\\/schema\\\/logo\\\/image\\\/\"},\"sameAs\":[\"https:\\\/\\\/www.facebook.com\\\/turismo.enpontecaldelas\",\"https:\\\/\\\/x.com\\\/Turpontcaldelas\"]}]}<\/script>\n<!-- \/ Yoast SEO plugin. -->","yoast_head_json":{"title":"Espacios Naturales - Concello de Ponte Caldelas","robots":{"index":"index","follow":"follow","max-snippet":"max-snippet:-1","max-image-preview":"max-image-preview:large","max-video-preview":"max-video-preview:-1"},"canonical":"https:\/\/pontecaldelas.gal\/gl\/espacios-naturales\/","og_locale":"gl_ES","og_type":"article","og_title":"Espacios Naturales - Concello de Ponte Caldelas","og_description":"La belleza natural del paisaje de Ponte Caldelas destaca, sobre todo, por el contorno del r\u00edo Verdugo que atraviesa la villa y el municipio con un tupido arbolado en sus m\u00e1rgenes y que a su paso por la villa se remansa con sus aguas cristalinas. Hay que se\u00f1alar, a lo largo del canal, distintos lugares [&hellip;]","og_url":"https:\/\/pontecaldelas.gal\/gl\/espacios-naturales\/","og_site_name":"Concello de Ponte Caldelas","article_publisher":"https:\/\/www.facebook.com\/turismo.enpontecaldelas","article_modified_time":"2022-12-11T19:32:11+00:00","og_image":[{"url":"https:\/\/pontecaldelas.gal\/wp-content\/uploads\/2022\/12\/pasos_a_fraga.jpg","type":"","width":"","height":""}],"twitter_card":"summary_large_image","twitter_site":"@Turpontcaldelas","twitter_misc":{"Tempo de lectura":"3 minutos"},"schema":{"@context":"https:\/\/schema.org","@graph":[{"@type":"WebPage","@id":"https:\/\/pontecaldelas.gal\/espacios-naturales\/","url":"https:\/\/pontecaldelas.gal\/espacios-naturales\/","name":"Espacios Naturales - Concello de Ponte Caldelas","isPartOf":{"@id":"https:\/\/pontecaldelas.gal\/gl\/#website"},"primaryImageOfPage":{"@id":"https:\/\/pontecaldelas.gal\/espacios-naturales\/#primaryimage"},"image":{"@id":"https:\/\/pontecaldelas.gal\/espacios-naturales\/#primaryimage"},"thumbnailUrl":"https:\/\/pontecaldelas.gal\/wp-content\/uploads\/2022\/12\/pasos_a_fraga.jpg","datePublished":"2022-12-11T19:13:56+00:00","dateModified":"2022-12-11T19:32:11+00:00","breadcrumb":{"@id":"https:\/\/pontecaldelas.gal\/espacios-naturales\/#breadcrumb"},"inLanguage":"gl-ES","potentialAction":[{"@type":"ReadAction","target":["https:\/\/pontecaldelas.gal\/espacios-naturales\/"]}]},{"@type":"ImageObject","inLanguage":"gl-ES","@id":"https:\/\/pontecaldelas.gal\/espacios-naturales\/#primaryimage","url":"https:\/\/pontecaldelas.gal\/wp-content\/uploads\/2022\/12\/pasos_a_fraga.jpg","contentUrl":"https:\/\/pontecaldelas.gal\/wp-content\/uploads\/2022\/12\/pasos_a_fraga.jpg"},{"@type":"BreadcrumbList","@id":"https:\/\/pontecaldelas.gal\/espacios-naturales\/#breadcrumb","itemListElement":[{"@type":"ListItem","position":1,"name":"Portada","item":"https:\/\/pontecaldelas.gal\/"},{"@type":"ListItem","position":2,"name":"Espacios Naturales"}]},{"@type":"WebSite","@id":"https:\/\/pontecaldelas.gal\/gl\/#website","url":"https:\/\/pontecaldelas.gal\/gl\/","name":"Concello de Ponte Caldelas","description":"","publisher":{"@id":"https:\/\/pontecaldelas.gal\/gl\/#organization"},"potentialAction":[{"@type":"SearchAction","target":{"@type":"EntryPoint","urlTemplate":"https:\/\/pontecaldelas.gal\/gl\/?s={search_term_string}"},"query-input":{"@type":"PropertyValueSpecification","valueRequired":true,"valueName":"search_term_string"}}],"inLanguage":"gl-ES"},{"@type":"Organization","@id":"https:\/\/pontecaldelas.gal\/gl\/#organization","name":"Concello de Ponte Caldelas","url":"https:\/\/pontecaldelas.gal\/gl\/","logo":{"@type":"ImageObject","inLanguage":"gl-ES","@id":"https:\/\/pontecaldelas.gal\/gl\/#\/schema\/logo\/image\/","url":"https:\/\/pontecaldelas.gal\/wp-content\/uploads\/2022\/12\/logo_PONTE_CALDELAS.png","contentUrl":"https:\/\/pontecaldelas.gal\/wp-content\/uploads\/2022\/12\/logo_PONTE_CALDELAS.png","width":381,"height":125,"caption":"Concello de Ponte Caldelas"},"image":{"@id":"https:\/\/pontecaldelas.gal\/gl\/#\/schema\/logo\/image\/"},"sameAs":["https:\/\/www.facebook.com\/turismo.enpontecaldelas","https:\/\/x.com\/Turpontcaldelas"]}]}},"uagb_featured_image_src":{"full":false,"thumbnail":false,"medium":false,"medium_large":false,"large":false,"1536x1536":false,"2048x2048":false,"trp-custom-language-flag":false},"uagb_author_info":{"display_name":"adminPC","author_link":"https:\/\/pontecaldelas.gal\/gl\/author\/adminpc\/"},"uagb_comment_info":0,"uagb_excerpt":"La belleza natural del paisaje de Ponte Caldelas destaca, sobre todo, por el contorno del r\u00edo Verdugo que atraviesa la villa y el municipio con un tupido arbolado en sus m\u00e1rgenes y que a su paso por la villa se remansa con sus aguas cristalinas. Hay que se\u00f1alar, a lo largo del canal, distintos lugares&hellip;","_links":{"self":[{"href":"https:\/\/pontecaldelas.gal\/gl\/wp-json\/wp\/v2\/pages\/396","targetHints":{"allow":["GET"]}}],"collection":[{"href":"https:\/\/pontecaldelas.gal\/gl\/wp-json\/wp\/v2\/pages"}],"about":[{"href":"https:\/\/pontecaldelas.gal\/gl\/wp-json\/wp\/v2\/types\/page"}],"author":[{"embeddable":true,"href":"https:\/\/pontecaldelas.gal\/gl\/wp-json\/wp\/v2\/users\/1"}],"replies":[{"embeddable":true,"href":"https:\/\/pontecaldelas.gal\/gl\/wp-json\/wp\/v2\/comments?post=396"}],"version-history":[{"count":6,"href":"https:\/\/pontecaldelas.gal\/gl\/wp-json\/wp\/v2\/pages\/396\/revisions"}],"predecessor-version":[{"id":419,"href":"https:\/\/pontecaldelas.gal\/gl\/wp-json\/wp\/v2\/pages\/396\/revisions\/419"}],"wp:attachment":[{"href":"https:\/\/pontecaldelas.gal\/gl\/wp-json\/wp\/v2\/media?parent=396"}],"curies":[{"name":"wp","href":"https:\/\/api.w.org\/{rel}","templated":true}]}}