{"id":298,"date":"2022-12-07T07:36:49","date_gmt":"2022-12-07T07:36:49","guid":{"rendered":"https:\/\/pontecaldelas.gal\/?page_id=298"},"modified":"2023-09-20T11:12:25","modified_gmt":"2023-09-20T11:12:25","slug":"corporacion-municipal","status":"publish","type":"page","link":"https:\/\/pontecaldelas.gal\/gl\/corporacion-municipal\/","title":{"rendered":"Corporaci\u00f3n Municipal"},"content":{"rendered":"<div style=\"height:30px\" aria-hidden=\"true\" class=\"wp-block-spacer\"><\/div>\n\n\n\n<figure class=\"wp-block-table is-style-stripes tabla-azul\"><table><thead><tr><th class=\"has-text-align-center\" data-align=\"center\">PSdeG-PSOE:<\/th><\/tr><\/thead><tbody><tr><td class=\"has-text-align-center\" data-align=\"center\">D. ANDR\u00c9S D\u00cdAZ SOBRAL<br>Dna. LETICIA ROCHA MU\u00d1IZ<br>D.  JOSE MANUEL MART\u00cdNEZ IGLESIAS<br>Dna. MAR\u00cdA AURORA GARRIDO PESO<br>Dna. RAQUEL L\u00d3PEZ MART\u00cdNEZ<br>D. JOS\u00c9 MANUEL GARRIDO PARADA<br>D. ENRIQUE VIDAL TELLADO<br>Dna. MAR\u00cdA ISABEL PREGAL AVI\u00d3N<\/td><\/tr><\/tbody><\/table><\/figure>\n\n\n\n<figure class=\"wp-block-table is-style-stripes tabla-azul\"><table><thead><tr><th class=\"has-text-align-center\" data-align=\"center\">BNG<\/th><\/tr><\/thead><tbody><tr><td class=\"has-text-align-center\" data-align=\"center\">Dna. Mar\u00eda Sol Seoane Vent\u00edn<br>D. Xose Xabier Lourenzo Campos<\/td><\/tr><\/tbody><\/table><\/figure>\n\n\n\n<figure class=\"wp-block-table is-style-stripes tabla-azul\"><table><thead><tr><th class=\"has-text-align-center\" data-align=\"center\">PP<\/th><\/tr><\/thead><tbody><tr><td class=\"has-text-align-center\" data-align=\"center\">D. Ant\u00f3n Xil Alc\u00e1ntara\u00a0<br>Dna. In\u00e9s S\u00e1nchez <br>D. Lino Mari\u00f1o de la Iglesia<\/td><\/tr><\/tbody><\/table><\/figure>","protected":false},"excerpt":{"rendered":"<p>PSdeG-PSOE: D. ANDR\u00c9S D\u00cdAZ SOBRALDna. LETICIA ROCHA MU\u00d1IZD. JOSE MANUEL MART\u00cdNEZ IGLESIASDna. MAR\u00cdA AURORA GARRIDO PESODna. RAQUEL L\u00d3PEZ MART\u00cdNEZD. JOS\u00c9 MANUEL GARRIDO PARADAD. ENRIQUE VIDAL TELLADODna. MAR\u00cdA ISABEL PREGAL AVI\u00d3N BNG Dna. Mar\u00eda Sol Seoane Vent\u00ednD. Xose Xabier Lourenzo Campos PP D. Ant\u00f3n Xil Alc\u00e1ntara\u00a0Dna. In\u00e9s S\u00e1nchez D. Lino Mari\u00f1o de la Iglesia<\/p>","protected":false},"author":1,"featured_media":0,"parent":0,"menu_order":0,"comment_status":"closed","ping_status":"closed","template":"","meta":{"_uag_custom_page_level_css":"","footnotes":""},"class_list":["post-298","page","type-page","status-publish","hentry"],"yoast_head":"<!-- This site is optimized with the Yoast SEO plugin v27.3 - https:\/\/yoast.com\/product\/yoast-seo-wordpress\/ -->\n<title>Corporaci\u00f3n Municipal - Concello de Ponte Caldelas<\/title>\n<meta name=\"robots\" content=\"index, follow, max-snippet:-1, max-image-preview:large, max-video-preview:-1\" \/>\n<link rel=\"canonical\" href=\"https:\/\/pontecaldelas.gal\/gl\/corporacion-municipal\/\" \/>\n<meta property=\"og:locale\" content=\"gl_ES\" \/>\n<meta property=\"og:type\" content=\"article\" \/>\n<meta property=\"og:title\" content=\"Corporaci\u00f3n Municipal - Concello de Ponte Caldelas\" \/>\n<meta property=\"og:description\" content=\"PSdeG-PSOE: D. ANDR\u00c9S D\u00cdAZ SOBRALDna. LETICIA ROCHA MU\u00d1IZD. JOSE MANUEL MART\u00cdNEZ IGLESIASDna. MAR\u00cdA AURORA GARRIDO PESODna. RAQUEL L\u00d3PEZ MART\u00cdNEZD. JOS\u00c9 MANUEL GARRIDO PARADAD. ENRIQUE VIDAL TELLADODna. MAR\u00cdA ISABEL PREGAL AVI\u00d3N BNG Dna. Mar\u00eda Sol Seoane Vent\u00ednD. Xose Xabier Lourenzo Campos PP D. Ant\u00f3n Xil Alc\u00e1ntara\u00a0Dna. In\u00e9s S\u00e1nchez D. Lino Mari\u00f1o de la Iglesia\" \/>\n<meta property=\"og:url\" content=\"https:\/\/pontecaldelas.gal\/gl\/corporacion-municipal\/\" \/>\n<meta property=\"og:site_name\" content=\"Concello de Ponte Caldelas\" \/>\n<meta property=\"article:publisher\" content=\"https:\/\/www.facebook.com\/turismo.enpontecaldelas\" \/>\n<meta property=\"article:modified_time\" content=\"2023-09-20T11:12:25+00:00\" \/>\n<meta name=\"twitter:card\" content=\"summary_large_image\" \/>\n<meta name=\"twitter:site\" content=\"@Turpontcaldelas\" \/>\n<script type=\"application\/ld+json\" class=\"yoast-schema-graph\">{\"@context\":\"https:\\\/\\\/schema.org\",\"@graph\":[{\"@type\":\"WebPage\",\"@id\":\"https:\\\/\\\/pontecaldelas.gal\\\/corporacion-municipal\\\/\",\"url\":\"https:\\\/\\\/pontecaldelas.gal\\\/corporacion-municipal\\\/\",\"name\":\"Corporaci\u00f3n Municipal - Concello de Ponte Caldelas\",\"isPartOf\":{\"@id\":\"https:\\\/\\\/pontecaldelas.gal\\\/gl\\\/#website\"},\"datePublished\":\"2022-12-07T07:36:49+00:00\",\"dateModified\":\"2023-09-20T11:12:25+00:00\",\"breadcrumb\":{\"@id\":\"https:\\\/\\\/pontecaldelas.gal\\\/corporacion-municipal\\\/#breadcrumb\"},\"inLanguage\":\"gl-ES\",\"potentialAction\":[{\"@type\":\"ReadAction\",\"target\":[\"https:\\\/\\\/pontecaldelas.gal\\\/corporacion-municipal\\\/\"]}]},{\"@type\":\"BreadcrumbList\",\"@id\":\"https:\\\/\\\/pontecaldelas.gal\\\/corporacion-municipal\\\/#breadcrumb\",\"itemListElement\":[{\"@type\":\"ListItem\",\"position\":1,\"name\":\"Portada\",\"item\":\"https:\\\/\\\/pontecaldelas.gal\\\/\"},{\"@type\":\"ListItem\",\"position\":2,\"name\":\"Corporaci\u00f3n Municipal\"}]},{\"@type\":\"WebSite\",\"@id\":\"https:\\\/\\\/pontecaldelas.gal\\\/gl\\\/#website\",\"url\":\"https:\\\/\\\/pontecaldelas.gal\\\/gl\\\/\",\"name\":\"Concello de Ponte Caldelas\",\"description\":\"\",\"publisher\":{\"@id\":\"https:\\\/\\\/pontecaldelas.gal\\\/gl\\\/#organization\"},\"potentialAction\":[{\"@type\":\"SearchAction\",\"target\":{\"@type\":\"EntryPoint\",\"urlTemplate\":\"https:\\\/\\\/pontecaldelas.gal\\\/gl\\\/?s={search_term_string}\"},\"query-input\":{\"@type\":\"PropertyValueSpecification\",\"valueRequired\":true,\"valueName\":\"search_term_string\"}}],\"inLanguage\":\"gl-ES\"},{\"@type\":\"Organization\",\"@id\":\"https:\\\/\\\/pontecaldelas.gal\\\/gl\\\/#organization\",\"name\":\"Concello de Ponte Caldelas\",\"url\":\"https:\\\/\\\/pontecaldelas.gal\\\/gl\\\/\",\"logo\":{\"@type\":\"ImageObject\",\"inLanguage\":\"gl-ES\",\"@id\":\"https:\\\/\\\/pontecaldelas.gal\\\/gl\\\/#\\\/schema\\\/logo\\\/image\\\/\",\"url\":\"https:\\\/\\\/pontecaldelas.gal\\\/wp-content\\\/uploads\\\/2022\\\/12\\\/logo_PONTE_CALDELAS.png\",\"contentUrl\":\"https:\\\/\\\/pontecaldelas.gal\\\/wp-content\\\/uploads\\\/2022\\\/12\\\/logo_PONTE_CALDELAS.png\",\"width\":381,\"height\":125,\"caption\":\"Concello de Ponte Caldelas\"},\"image\":{\"@id\":\"https:\\\/\\\/pontecaldelas.gal\\\/gl\\\/#\\\/schema\\\/logo\\\/image\\\/\"},\"sameAs\":[\"https:\\\/\\\/www.facebook.com\\\/turismo.enpontecaldelas\",\"https:\\\/\\\/x.com\\\/Turpontcaldelas\"]}]}<\/script>\n<!-- \/ Yoast SEO plugin. -->","yoast_head_json":{"title":"Corporaci\u00f3n Municipal - Concello de Ponte Caldelas","robots":{"index":"index","follow":"follow","max-snippet":"max-snippet:-1","max-image-preview":"max-image-preview:large","max-video-preview":"max-video-preview:-1"},"canonical":"https:\/\/pontecaldelas.gal\/gl\/corporacion-municipal\/","og_locale":"gl_ES","og_type":"article","og_title":"Corporaci\u00f3n Municipal - Concello de Ponte Caldelas","og_description":"PSdeG-PSOE: D. ANDR\u00c9S D\u00cdAZ SOBRALDna. LETICIA ROCHA MU\u00d1IZD. JOSE MANUEL MART\u00cdNEZ IGLESIASDna. MAR\u00cdA AURORA GARRIDO PESODna. RAQUEL L\u00d3PEZ MART\u00cdNEZD. JOS\u00c9 MANUEL GARRIDO PARADAD. ENRIQUE VIDAL TELLADODna. MAR\u00cdA ISABEL PREGAL AVI\u00d3N BNG Dna. Mar\u00eda Sol Seoane Vent\u00ednD. Xose Xabier Lourenzo Campos PP D. Ant\u00f3n Xil Alc\u00e1ntara\u00a0Dna. In\u00e9s S\u00e1nchez D. Lino Mari\u00f1o de la Iglesia","og_url":"https:\/\/pontecaldelas.gal\/gl\/corporacion-municipal\/","og_site_name":"Concello de Ponte Caldelas","article_publisher":"https:\/\/www.facebook.com\/turismo.enpontecaldelas","article_modified_time":"2023-09-20T11:12:25+00:00","twitter_card":"summary_large_image","twitter_site":"@Turpontcaldelas","schema":{"@context":"https:\/\/schema.org","@graph":[{"@type":"WebPage","@id":"https:\/\/pontecaldelas.gal\/corporacion-municipal\/","url":"https:\/\/pontecaldelas.gal\/corporacion-municipal\/","name":"Corporaci\u00f3n Municipal - Concello de Ponte Caldelas","isPartOf":{"@id":"https:\/\/pontecaldelas.gal\/gl\/#website"},"datePublished":"2022-12-07T07:36:49+00:00","dateModified":"2023-09-20T11:12:25+00:00","breadcrumb":{"@id":"https:\/\/pontecaldelas.gal\/corporacion-municipal\/#breadcrumb"},"inLanguage":"gl-ES","potentialAction":[{"@type":"ReadAction","target":["https:\/\/pontecaldelas.gal\/corporacion-municipal\/"]}]},{"@type":"BreadcrumbList","@id":"https:\/\/pontecaldelas.gal\/corporacion-municipal\/#breadcrumb","itemListElement":[{"@type":"ListItem","position":1,"name":"Portada","item":"https:\/\/pontecaldelas.gal\/"},{"@type":"ListItem","position":2,"name":"Corporaci\u00f3n Municipal"}]},{"@type":"WebSite","@id":"https:\/\/pontecaldelas.gal\/gl\/#website","url":"https:\/\/pontecaldelas.gal\/gl\/","name":"Concello de Ponte Caldelas","description":"","publisher":{"@id":"https:\/\/pontecaldelas.gal\/gl\/#organization"},"potentialAction":[{"@type":"SearchAction","target":{"@type":"EntryPoint","urlTemplate":"https:\/\/pontecaldelas.gal\/gl\/?s={search_term_string}"},"query-input":{"@type":"PropertyValueSpecification","valueRequired":true,"valueName":"search_term_string"}}],"inLanguage":"gl-ES"},{"@type":"Organization","@id":"https:\/\/pontecaldelas.gal\/gl\/#organization","name":"Concello de Ponte Caldelas","url":"https:\/\/pontecaldelas.gal\/gl\/","logo":{"@type":"ImageObject","inLanguage":"gl-ES","@id":"https:\/\/pontecaldelas.gal\/gl\/#\/schema\/logo\/image\/","url":"https:\/\/pontecaldelas.gal\/wp-content\/uploads\/2022\/12\/logo_PONTE_CALDELAS.png","contentUrl":"https:\/\/pontecaldelas.gal\/wp-content\/uploads\/2022\/12\/logo_PONTE_CALDELAS.png","width":381,"height":125,"caption":"Concello de Ponte Caldelas"},"image":{"@id":"https:\/\/pontecaldelas.gal\/gl\/#\/schema\/logo\/image\/"},"sameAs":["https:\/\/www.facebook.com\/turismo.enpontecaldelas","https:\/\/x.com\/Turpontcaldelas"]}]}},"uagb_featured_image_src":{"full":false,"thumbnail":false,"medium":false,"medium_large":false,"large":false,"1536x1536":false,"2048x2048":false,"trp-custom-language-flag":false},"uagb_author_info":{"display_name":"adminPC","author_link":"https:\/\/pontecaldelas.gal\/gl\/author\/adminpc\/"},"uagb_comment_info":0,"uagb_excerpt":"PSdeG-PSOE: D. ANDR\u00c9S D\u00cdAZ SOBRALDna. LETICIA ROCHA MU\u00d1IZD. JOSE MANUEL MART\u00cdNEZ IGLESIASDna. MAR\u00cdA AURORA GARRIDO PESODna. RAQUEL L\u00d3PEZ MART\u00cdNEZD. JOS\u00c9 MANUEL GARRIDO PARADAD. ENRIQUE VIDAL TELLADODna. MAR\u00cdA ISABEL PREGAL AVI\u00d3N BNG Dna. Mar\u00eda Sol Seoane Vent\u00ednD. Xose Xabier Lourenzo Campos PP D. Ant\u00f3n Xil Alc\u00e1ntara\u00a0Dna. In\u00e9s S\u00e1nchez D. Lino Mari\u00f1o de la Iglesia","_links":{"self":[{"href":"https:\/\/pontecaldelas.gal\/gl\/wp-json\/wp\/v2\/pages\/298","targetHints":{"allow":["GET"]}}],"collection":[{"href":"https:\/\/pontecaldelas.gal\/gl\/wp-json\/wp\/v2\/pages"}],"about":[{"href":"https:\/\/pontecaldelas.gal\/gl\/wp-json\/wp\/v2\/types\/page"}],"author":[{"embeddable":true,"href":"https:\/\/pontecaldelas.gal\/gl\/wp-json\/wp\/v2\/users\/1"}],"replies":[{"embeddable":true,"href":"https:\/\/pontecaldelas.gal\/gl\/wp-json\/wp\/v2\/comments?post=298"}],"version-history":[{"count":6,"href":"https:\/\/pontecaldelas.gal\/gl\/wp-json\/wp\/v2\/pages\/298\/revisions"}],"predecessor-version":[{"id":711,"href":"https:\/\/pontecaldelas.gal\/gl\/wp-json\/wp\/v2\/pages\/298\/revisions\/711"}],"wp:attachment":[{"href":"https:\/\/pontecaldelas.gal\/gl\/wp-json\/wp\/v2\/media?parent=298"}],"curies":[{"name":"wp","href":"https:\/\/api.w.org\/{rel}","templated":true}]}}