{"id":287,"date":"2022-12-07T06:04:26","date_gmt":"2022-12-07T06:04:26","guid":{"rendered":"https:\/\/pontecaldelas.gal\/?page_id=287"},"modified":"2023-09-20T11:14:48","modified_gmt":"2023-09-20T11:14:48","slug":"organizacion-municipal","status":"publish","type":"page","link":"https:\/\/pontecaldelas.gal\/gl\/organizacion-municipal\/","title":{"rendered":"Organizaci\u00f3n Municipal"},"content":{"rendered":"<div style=\"height:30px\" aria-hidden=\"true\" class=\"wp-block-spacer\"><\/div>\n\n\n\n<figure class=\"wp-block-table tabla-azul is-style-stripes\"><table><thead><tr><th>CONCELLO<\/th><\/tr><\/thead><tbody><tr><td>CASA CONSISTORIAL: Avda. de Galicia, n\u00ba17. Telfs.: 986750001\/13 &#8211; 986750020<\/td><\/tr><tr><td>ALCALD\u00cdA: lunes a viernes: 09:00 a 14:00 horas. -Telfs.: 986750001 &#8211; 986750013 &#8211; 986766338.<\/td><\/tr><tr><td>SERVICIOS ADMINISTRATIVOS \/ REGISTRO:<br>lunes-viernes: 9 a 14. Telfs.: 986750001\/13 &#8211; 986750020<\/td><\/tr><tr><td>DEPARTAMENTO DE CULTURA, XUVENTUDE E DEPORTES: de lunes a viernes de 09:00 a 14:00.<br>Telfs.: 986750001\/13 &#8211; 986750020.<\/td><\/tr><tr><td>DEPARTAMENTO DE URBANISMO: lunes y jueves de 9:00 a 14:00 horas<br>Telfs.: 986750001\/13 &#8211; 986750020. <\/td><\/tr><tr><td>SERVICIOS SOCIALES: Trabajadora social: lunes y jueves de 9:30 a 14.00<br>Educadora social: lunes y jueves de 9:30 a 14:00<br>Telfs.: 986750001\/13 &#8211; 986750020. <\/td><\/tr><tr><td>CENTRO DE INFORMACI\u00d3N A LA MUJER:<br>servicios jur\u00eddicos: de lunes a jueves de 9:00 a 14:00<br>servicio de atenci\u00f3n psicol\u00f3gica: martes y viernes previa cita<br>Telfs.: 986750001\/13 &#8211; 986750020<\/td><\/tr><tr><td>AGENCIA DE DESARROLLO LOCAL: de lunes a viernes de 09:00 a 14:00<br>Telfs.: 986750001\/13 &#8211; 986750020.<\/td><\/tr><tr><td>POLIC\u00cdA LOCAL: Telfs.: 986750001\/13 &#8211; 986750020.<\/td><\/tr><tr><td>PUNTO DE INFORMACI\u00d3N CATASTRAL: de lunes a viernes de 09:00 a 14:00<br>Telfs.: 986750001\/13 &#8211; 986750020. <\/td><\/tr><tr><td>REGISTRO DE VENTANILLA \u00daNICA: lunes a viernes de 09:00 a 14:00, s\u00e1bados de 10.00 a 13.00<br>Telfs.: 986750001\/13 &#8211; 986750020. <\/td><\/tr><tr><td>RECAUDACI\u00d3N ORAL: viernes de 09:00 a 13:30. Todos los d\u00edas atenci\u00f3n telef\u00f3nica: 986804100<\/td><\/tr><tr><td>OGPO (AGUA Y ALCANTARILLADO): TODOS LOS LUNES DEL MES DE EMISI\u00d3N DE RECIBOS DE 9.00 HORAS A 14.00 HORAS<br>TEL. 981 976 715<\/td><\/tr><\/tbody><\/table><\/figure>\n\n\n\n<figure class=\"wp-block-table is-style-stripes tabla-azul\"><table><thead><tr><th>CENTRO CULTURAL DE PONTE CALDELAS<br>(R\u00faa Emigrante s\/n)<\/th><\/tr><\/thead><tbody><tr><td>BIBLIOTECA P\u00daBLICA MUNICIPAL: de lunes a viernes de 15:30 a 21:30 horas<br>VERANO: de lunes a viernes de 09:00 a 14:00 horas<br>Telf.: 986767235. <\/td><\/tr><tr><td>OFICINA MUNICIPAL DE INFORMACI\u00d3N XUVENIL: de lunes a viernes de 09:00 a 13:00 horas.<br>Telf.: 986767235. <\/td><\/tr><tr><td>OFICINA DE TURISMO DE PONTE CALDELAS: Telf.: 986767235. <\/td><\/tr><\/tbody><\/table><\/figure>\n\n\n\n<figure class=\"wp-block-table is-style-stripes tabla-azul\"><table><thead><tr><th>CENTRO ARQUEOL\u00d3XICO DE TOUR\u00d3N<\/th><\/tr><\/thead><tbody><tr><td>Informaci\u00f3n en el 986767235 <\/td><\/tr><\/tbody><\/table><\/figure>\n\n\n\n<figure class=\"wp-block-table is-style-stripes tabla-azul\"><table><thead><tr><th>CENTRO DE SA\u00daDE DE PONTE CALDELAS<\/th><\/tr><\/thead><tbody><tr><td>C\/Lepanto s\/n . De lunes a viernes de 08:00 a 15.00 horas. Telf.: 986750773<\/td><\/tr><\/tbody><\/table><\/figure>\n\n\n\n<figure class=\"wp-block-table is-style-stripes tabla-azul\"><table><thead><tr><th>CENTRO DE EDUCACI\u00d3N INFANTIL E PRIMARIA\nMANUEL CORDO BOULLOSA DE PONTE CALDELAS<br>MANUEL CORDO BOULLOSA DE PONTE CALDELAS<\/th><\/tr><\/thead><tbody><tr><td>Prolongaci\u00f3n Concepci\u00f3n Arenal. De lunes a viernes de 09:00 a 14.00 horas<br>Telf.: 886151498. <\/td><\/tr><\/tbody><\/table><\/figure>\n\n\n\n<figure class=\"wp-block-table is-style-stripes tabla-azul\"><table><thead><tr><th>CENTRO DE EDUCACI\u00d3N INFANTIL E PRIMARIA A REIGOSA<\/th><\/tr><\/thead><tbody><tr><td>A Reigosa s\/n. De lunes a viernes de 09:30 a 14.30 horas<br>Telf.: Direcci\u00f3n: 886151488. Secretar\u00eda: 886151489. Fax: 886151490.<\/td><\/tr><\/tbody><\/table><\/figure>\n\n\n\n<figure class=\"wp-block-table is-style-stripes tabla-azul\"><table><thead><tr><th>IES DE PONTE CALDELAS<\/th><\/tr><\/thead><tbody><tr><td>C\/ Valdarrosa, s\/n, 36820. Ponte Caldelas.<br>Tlf.: 886151477, Fax: 886151485.<\/td><\/tr><\/tbody><\/table><\/figure>\n\n\n\n<figure class=\"wp-block-table is-style-stripes tabla-azul\"><table><thead><tr><th>Atencion Ciudadanos FCC<\/th><\/tr><\/thead><tbody><tr><td>Atenci\u00f3n a los ciudadanos para la gesti\u00f3n de residuos grandes y voluminosos. De 09:00 a 13:00<br>Tlf.: 900101499<\/td><\/tr><\/tbody><\/table><\/figure>","protected":false},"excerpt":{"rendered":"<p>CONCELLO CASA CONSISTORIAL: Avda. de Galicia, n\u00ba17. Telfs.: 986750001\/13 &#8211; 986750020 ALCALD\u00cdA: lunes a viernes: 09:00 a 14:00 horas. -Telfs.: 986750001 &#8211; 986750013 &#8211; 986766338. SERVICIOS ADMINISTRATIVOS \/ REGISTRO:lunes-viernes: 9 a 14. Telfs.: 986750001\/13 &#8211; 986750020 DEPARTAMENTO DE CULTURA, XUVENTUDE E DEPORTES: de lunes a viernes de 09:00 a 14:00.Telfs.: 986750001\/13 &#8211; 986750020. DEPARTAMENTO DE [&hellip;]<\/p>\n","protected":false},"author":1,"featured_media":0,"parent":0,"menu_order":0,"comment_status":"closed","ping_status":"closed","template":"","meta":{"_uag_custom_page_level_css":"","footnotes":""},"class_list":["post-287","page","type-page","status-publish","hentry"],"yoast_head":"<!-- This site is optimized with the Yoast SEO plugin v27.3 - https:\/\/yoast.com\/product\/yoast-seo-wordpress\/ -->\n<title>Organizaci\u00f3n Municipal - Concello de Ponte Caldelas<\/title>\n<meta name=\"robots\" content=\"index, follow, max-snippet:-1, max-image-preview:large, max-video-preview:-1\" \/>\n<link rel=\"canonical\" href=\"https:\/\/pontecaldelas.gal\/gl\/organizacion-municipal\/\" \/>\n<meta property=\"og:locale\" content=\"gl_ES\" \/>\n<meta property=\"og:type\" content=\"article\" \/>\n<meta property=\"og:title\" content=\"Organizaci\u00f3n Municipal - Concello de Ponte Caldelas\" \/>\n<meta property=\"og:description\" content=\"CONCELLO CASA CONSISTORIAL: Avda. de Galicia, n\u00ba17. Telfs.: 986750001\/13 &#8211; 986750020 ALCALD\u00cdA: lunes a viernes: 09:00 a 14:00 horas. -Telfs.: 986750001 &#8211; 986750013 &#8211; 986766338. SERVICIOS ADMINISTRATIVOS \/ REGISTRO:lunes-viernes: 9 a 14. Telfs.: 986750001\/13 &#8211; 986750020 DEPARTAMENTO DE CULTURA, XUVENTUDE E DEPORTES: de lunes a viernes de 09:00 a 14:00.Telfs.: 986750001\/13 &#8211; 986750020. DEPARTAMENTO DE [&hellip;]\" \/>\n<meta property=\"og:url\" content=\"https:\/\/pontecaldelas.gal\/gl\/organizacion-municipal\/\" \/>\n<meta property=\"og:site_name\" content=\"Concello de Ponte Caldelas\" \/>\n<meta property=\"article:publisher\" content=\"https:\/\/www.facebook.com\/turismo.enpontecaldelas\" \/>\n<meta property=\"article:modified_time\" content=\"2023-09-20T11:14:48+00:00\" \/>\n<meta name=\"twitter:card\" content=\"summary_large_image\" \/>\n<meta name=\"twitter:site\" content=\"@Turpontcaldelas\" \/>\n<meta name=\"twitter:label1\" content=\"Tempo de lectura\" \/>\n\t<meta name=\"twitter:data1\" content=\"2 minutos\" \/>\n<script type=\"application\/ld+json\" class=\"yoast-schema-graph\">{\"@context\":\"https:\\\/\\\/schema.org\",\"@graph\":[{\"@type\":\"WebPage\",\"@id\":\"https:\\\/\\\/pontecaldelas.gal\\\/organizacion-municipal\\\/\",\"url\":\"https:\\\/\\\/pontecaldelas.gal\\\/organizacion-municipal\\\/\",\"name\":\"Organizaci\u00f3n Municipal - Concello de Ponte Caldelas\",\"isPartOf\":{\"@id\":\"https:\\\/\\\/pontecaldelas.gal\\\/gl\\\/#website\"},\"datePublished\":\"2022-12-07T06:04:26+00:00\",\"dateModified\":\"2023-09-20T11:14:48+00:00\",\"breadcrumb\":{\"@id\":\"https:\\\/\\\/pontecaldelas.gal\\\/organizacion-municipal\\\/#breadcrumb\"},\"inLanguage\":\"gl-ES\",\"potentialAction\":[{\"@type\":\"ReadAction\",\"target\":[\"https:\\\/\\\/pontecaldelas.gal\\\/organizacion-municipal\\\/\"]}]},{\"@type\":\"BreadcrumbList\",\"@id\":\"https:\\\/\\\/pontecaldelas.gal\\\/organizacion-municipal\\\/#breadcrumb\",\"itemListElement\":[{\"@type\":\"ListItem\",\"position\":1,\"name\":\"Portada\",\"item\":\"https:\\\/\\\/pontecaldelas.gal\\\/\"},{\"@type\":\"ListItem\",\"position\":2,\"name\":\"Organizaci\u00f3n Municipal\"}]},{\"@type\":\"WebSite\",\"@id\":\"https:\\\/\\\/pontecaldelas.gal\\\/gl\\\/#website\",\"url\":\"https:\\\/\\\/pontecaldelas.gal\\\/gl\\\/\",\"name\":\"Concello de Ponte Caldelas\",\"description\":\"\",\"publisher\":{\"@id\":\"https:\\\/\\\/pontecaldelas.gal\\\/gl\\\/#organization\"},\"potentialAction\":[{\"@type\":\"SearchAction\",\"target\":{\"@type\":\"EntryPoint\",\"urlTemplate\":\"https:\\\/\\\/pontecaldelas.gal\\\/gl\\\/?s={search_term_string}\"},\"query-input\":{\"@type\":\"PropertyValueSpecification\",\"valueRequired\":true,\"valueName\":\"search_term_string\"}}],\"inLanguage\":\"gl-ES\"},{\"@type\":\"Organization\",\"@id\":\"https:\\\/\\\/pontecaldelas.gal\\\/gl\\\/#organization\",\"name\":\"Concello de Ponte Caldelas\",\"url\":\"https:\\\/\\\/pontecaldelas.gal\\\/gl\\\/\",\"logo\":{\"@type\":\"ImageObject\",\"inLanguage\":\"gl-ES\",\"@id\":\"https:\\\/\\\/pontecaldelas.gal\\\/gl\\\/#\\\/schema\\\/logo\\\/image\\\/\",\"url\":\"https:\\\/\\\/pontecaldelas.gal\\\/wp-content\\\/uploads\\\/2022\\\/12\\\/logo_PONTE_CALDELAS.png\",\"contentUrl\":\"https:\\\/\\\/pontecaldelas.gal\\\/wp-content\\\/uploads\\\/2022\\\/12\\\/logo_PONTE_CALDELAS.png\",\"width\":381,\"height\":125,\"caption\":\"Concello de Ponte Caldelas\"},\"image\":{\"@id\":\"https:\\\/\\\/pontecaldelas.gal\\\/gl\\\/#\\\/schema\\\/logo\\\/image\\\/\"},\"sameAs\":[\"https:\\\/\\\/www.facebook.com\\\/turismo.enpontecaldelas\",\"https:\\\/\\\/x.com\\\/Turpontcaldelas\"]}]}<\/script>\n<!-- \/ Yoast SEO plugin. -->","yoast_head_json":{"title":"Organizaci\u00f3n Municipal - Concello de Ponte Caldelas","robots":{"index":"index","follow":"follow","max-snippet":"max-snippet:-1","max-image-preview":"max-image-preview:large","max-video-preview":"max-video-preview:-1"},"canonical":"https:\/\/pontecaldelas.gal\/gl\/organizacion-municipal\/","og_locale":"gl_ES","og_type":"article","og_title":"Organizaci\u00f3n Municipal - Concello de Ponte Caldelas","og_description":"CONCELLO CASA CONSISTORIAL: Avda. de Galicia, n\u00ba17. Telfs.: 986750001\/13 &#8211; 986750020 ALCALD\u00cdA: lunes a viernes: 09:00 a 14:00 horas. -Telfs.: 986750001 &#8211; 986750013 &#8211; 986766338. SERVICIOS ADMINISTRATIVOS \/ REGISTRO:lunes-viernes: 9 a 14. Telfs.: 986750001\/13 &#8211; 986750020 DEPARTAMENTO DE CULTURA, XUVENTUDE E DEPORTES: de lunes a viernes de 09:00 a 14:00.Telfs.: 986750001\/13 &#8211; 986750020. DEPARTAMENTO DE [&hellip;]","og_url":"https:\/\/pontecaldelas.gal\/gl\/organizacion-municipal\/","og_site_name":"Concello de Ponte Caldelas","article_publisher":"https:\/\/www.facebook.com\/turismo.enpontecaldelas","article_modified_time":"2023-09-20T11:14:48+00:00","twitter_card":"summary_large_image","twitter_site":"@Turpontcaldelas","twitter_misc":{"Tempo de lectura":"2 minutos"},"schema":{"@context":"https:\/\/schema.org","@graph":[{"@type":"WebPage","@id":"https:\/\/pontecaldelas.gal\/organizacion-municipal\/","url":"https:\/\/pontecaldelas.gal\/organizacion-municipal\/","name":"Organizaci\u00f3n Municipal - Concello de Ponte Caldelas","isPartOf":{"@id":"https:\/\/pontecaldelas.gal\/gl\/#website"},"datePublished":"2022-12-07T06:04:26+00:00","dateModified":"2023-09-20T11:14:48+00:00","breadcrumb":{"@id":"https:\/\/pontecaldelas.gal\/organizacion-municipal\/#breadcrumb"},"inLanguage":"gl-ES","potentialAction":[{"@type":"ReadAction","target":["https:\/\/pontecaldelas.gal\/organizacion-municipal\/"]}]},{"@type":"BreadcrumbList","@id":"https:\/\/pontecaldelas.gal\/organizacion-municipal\/#breadcrumb","itemListElement":[{"@type":"ListItem","position":1,"name":"Portada","item":"https:\/\/pontecaldelas.gal\/"},{"@type":"ListItem","position":2,"name":"Organizaci\u00f3n Municipal"}]},{"@type":"WebSite","@id":"https:\/\/pontecaldelas.gal\/gl\/#website","url":"https:\/\/pontecaldelas.gal\/gl\/","name":"Concello de Ponte Caldelas","description":"","publisher":{"@id":"https:\/\/pontecaldelas.gal\/gl\/#organization"},"potentialAction":[{"@type":"SearchAction","target":{"@type":"EntryPoint","urlTemplate":"https:\/\/pontecaldelas.gal\/gl\/?s={search_term_string}"},"query-input":{"@type":"PropertyValueSpecification","valueRequired":true,"valueName":"search_term_string"}}],"inLanguage":"gl-ES"},{"@type":"Organization","@id":"https:\/\/pontecaldelas.gal\/gl\/#organization","name":"Concello de Ponte Caldelas","url":"https:\/\/pontecaldelas.gal\/gl\/","logo":{"@type":"ImageObject","inLanguage":"gl-ES","@id":"https:\/\/pontecaldelas.gal\/gl\/#\/schema\/logo\/image\/","url":"https:\/\/pontecaldelas.gal\/wp-content\/uploads\/2022\/12\/logo_PONTE_CALDELAS.png","contentUrl":"https:\/\/pontecaldelas.gal\/wp-content\/uploads\/2022\/12\/logo_PONTE_CALDELAS.png","width":381,"height":125,"caption":"Concello de Ponte Caldelas"},"image":{"@id":"https:\/\/pontecaldelas.gal\/gl\/#\/schema\/logo\/image\/"},"sameAs":["https:\/\/www.facebook.com\/turismo.enpontecaldelas","https:\/\/x.com\/Turpontcaldelas"]}]}},"uagb_featured_image_src":{"full":false,"thumbnail":false,"medium":false,"medium_large":false,"large":false,"1536x1536":false,"2048x2048":false,"trp-custom-language-flag":false},"uagb_author_info":{"display_name":"adminPC","author_link":"https:\/\/pontecaldelas.gal\/gl\/author\/adminpc\/"},"uagb_comment_info":0,"uagb_excerpt":"CONCELLO CASA CONSISTORIAL: Avda. de Galicia, n\u00ba17. Telfs.: 986750001\/13 &#8211; 986750020 ALCALD\u00cdA: lunes a viernes: 09:00 a 14:00 horas. -Telfs.: 986750001 &#8211; 986750013 &#8211; 986766338. SERVICIOS ADMINISTRATIVOS \/ REGISTRO:lunes-viernes: 9 a 14. Telfs.: 986750001\/13 &#8211; 986750020 DEPARTAMENTO DE CULTURA, XUVENTUDE E DEPORTES: de lunes a viernes de 09:00 a 14:00.Telfs.: 986750001\/13 &#8211; 986750020. DEPARTAMENTO DE&hellip;","_links":{"self":[{"href":"https:\/\/pontecaldelas.gal\/gl\/wp-json\/wp\/v2\/pages\/287","targetHints":{"allow":["GET"]}}],"collection":[{"href":"https:\/\/pontecaldelas.gal\/gl\/wp-json\/wp\/v2\/pages"}],"about":[{"href":"https:\/\/pontecaldelas.gal\/gl\/wp-json\/wp\/v2\/types\/page"}],"author":[{"embeddable":true,"href":"https:\/\/pontecaldelas.gal\/gl\/wp-json\/wp\/v2\/users\/1"}],"replies":[{"embeddable":true,"href":"https:\/\/pontecaldelas.gal\/gl\/wp-json\/wp\/v2\/comments?post=287"}],"version-history":[{"count":13,"href":"https:\/\/pontecaldelas.gal\/gl\/wp-json\/wp\/v2\/pages\/287\/revisions"}],"predecessor-version":[{"id":713,"href":"https:\/\/pontecaldelas.gal\/gl\/wp-json\/wp\/v2\/pages\/287\/revisions\/713"}],"wp:attachment":[{"href":"https:\/\/pontecaldelas.gal\/gl\/wp-json\/wp\/v2\/media?parent=287"}],"curies":[{"name":"wp","href":"https:\/\/api.w.org\/{rel}","templated":true}]}}