{"id":231,"date":"2022-12-05T17:10:36","date_gmt":"2022-12-05T17:10:36","guid":{"rendered":"https:\/\/pontecaldelas.gal\/?page_id=231"},"modified":"2022-12-05T17:12:25","modified_gmt":"2022-12-05T17:12:25","slug":"situacion-y-mapas","status":"publish","type":"page","link":"https:\/\/pontecaldelas.gal\/gl\/situacion-y-mapas\/","title":{"rendered":"Situaci\u00f3n e mapas"},"content":{"rendered":"<p class=\"has-text-align-center has-white-color has-text-color has-background\" style=\"background-color:#0c71bf\">Dende A Coru\u00f1a e Santiago ch\u00e9gase a Pontevedra pola A-9 ou pola N-550.<br>En Pontevedra t\u00f3mase a PO-255 directamente ata Ponte Caldelas.<\/p>\n\n\n\n<p class=\"has-text-align-center has-text-color\" style=\"color:#0c71bf\">A Coru\u00f1a: 143 km \u00b7 Santiago: 71 km \u00b7 Pontevedra: 13 km \u00b7 Vigo: 39 km<\/p>\n\n\n\n<p class=\"has-text-align-center has-background\" style=\"background-color:#f0c136\">Ten unha superficie de 87 km2 e unha poboaci\u00f3n que ronda os 6.500 habitantes. Municipio pertenecente \u00e1 comarca de Pontevedra, dividida en nove parroquias formadas por lugares ou aldeas, que se sit\u00faa nuna zona xeogr\u00e1fica de transici\u00f3n entre as monta\u00f1as do interior pontevedr\u00e9s e as ribeiras das R\u00edas Baixas. \u00c9 terra de manantiais e r\u00edos, de abruptas serras e encaixados vales.<\/p>\n\n\n\n<figure class=\"wp-block-image aligncenter size-full\"><img fetchpriority=\"high\" decoding=\"async\" width=\"699\" height=\"1194\" src=\"https:\/\/pontecaldelas.gal\/wp-content\/uploads\/2023\/01\/localizacion-gal-resp.jpg\" alt=\"\" class=\"wp-image-232\" srcset=\"https:\/\/pontecaldelas.gal\/wp-content\/uploads\/2023\/01\/localizacion-gal-resp.jpg 699w, https:\/\/pontecaldelas.gal\/wp-content\/uploads\/2023\/01\/localizacion-gal-resp-176x300.jpg 176w, https:\/\/pontecaldelas.gal\/wp-content\/uploads\/2023\/01\/localizacion-gal-resp-599x1024.jpg 599w, https:\/\/pontecaldelas.gal\/wp-content\/uploads\/2023\/01\/localizacion-gal-resp-7x12.jpg 7w\" sizes=\"(max-width: 699px) 100vw, 699px\" \/><\/figure>\n\n\n\n<div class=\"wp-block-buttons is-content-justification-right is-layout-flex wp-container-core-buttons-is-layout-d445cf74 wp-block-buttons-is-layout-flex\">\n<div class=\"wp-block-button alignright has-custom-font-size has-medium-font-size\" style=\"font-style:normal;font-weight:600\"><a class=\"wp-block-button__link has-white-color has-vivid-cyan-blue-background-color has-text-color has-background wp-element-button\" href=\"\/wp-content\/uploads\/2022\/12\/localizacion-imprimir.pdf\" style=\"border-radius:10px\" target=\"_blank\" rel=\"noreferrer noopener\">Versi\u00f3n imprimible<\/a><\/div>\n<\/div>","protected":false},"excerpt":{"rendered":"<p>Desde A Coru\u00f1a y Santiago se llega a Pontevedra por la A-9 o por la N-550.En Pontevedra se toma la PO-255 directamente hasta Ponte Caldelas. A Coru\u00f1a: 143 km \u00b7 Santiago: 71 km \u00b7 Pontevedra: 13 km \u00b7 Vigo: 39 km Tiene una superficie de 87 km2 y una poblaci\u00f3n que ronda los 6.500 habitantes. [&hellip;]<\/p>\n","protected":false},"author":1,"featured_media":0,"parent":0,"menu_order":0,"comment_status":"closed","ping_status":"closed","template":"","meta":{"_uag_custom_page_level_css":"","footnotes":""},"class_list":["post-231","page","type-page","status-publish","hentry"],"yoast_head":"<!-- This site is optimized with the Yoast SEO plugin v27.3 - https:\/\/yoast.com\/product\/yoast-seo-wordpress\/ -->\n<title>Situaci\u00f3n y mapas - Concello de Ponte Caldelas<\/title>\n<meta name=\"robots\" content=\"index, follow, max-snippet:-1, max-image-preview:large, max-video-preview:-1\" \/>\n<link rel=\"canonical\" href=\"https:\/\/pontecaldelas.gal\/gl\/situacion-y-mapas\/\" \/>\n<meta property=\"og:locale\" content=\"gl_ES\" \/>\n<meta property=\"og:type\" content=\"article\" \/>\n<meta property=\"og:title\" content=\"Situaci\u00f3n y mapas - Concello de Ponte Caldelas\" \/>\n<meta property=\"og:description\" content=\"Desde A Coru\u00f1a y Santiago se llega a Pontevedra por la A-9 o por la N-550.En Pontevedra se toma la PO-255 directamente hasta Ponte Caldelas. A Coru\u00f1a: 143 km \u00b7 Santiago: 71 km \u00b7 Pontevedra: 13 km \u00b7 Vigo: 39 km Tiene una superficie de 87 km2 y una poblaci\u00f3n que ronda los 6.500 habitantes. [&hellip;]\" \/>\n<meta property=\"og:url\" content=\"https:\/\/pontecaldelas.gal\/gl\/situacion-y-mapas\/\" \/>\n<meta property=\"og:site_name\" content=\"Concello de Ponte Caldelas\" \/>\n<meta property=\"article:publisher\" content=\"https:\/\/www.facebook.com\/turismo.enpontecaldelas\" \/>\n<meta property=\"article:modified_time\" content=\"2022-12-05T17:12:25+00:00\" \/>\n<meta property=\"og:image\" content=\"https:\/\/pontecaldelas.gal\/wp-content\/uploads\/2022\/12\/localizacion-resp.jpg\" \/>\n<meta name=\"twitter:card\" content=\"summary_large_image\" \/>\n<meta name=\"twitter:site\" content=\"@Turpontcaldelas\" \/>\n<meta name=\"twitter:label1\" content=\"Tempo de lectura\" \/>\n\t<meta name=\"twitter:data1\" content=\"1 minuto\" \/>\n<script type=\"application\/ld+json\" class=\"yoast-schema-graph\">{\"@context\":\"https:\\\/\\\/schema.org\",\"@graph\":[{\"@type\":\"WebPage\",\"@id\":\"https:\\\/\\\/pontecaldelas.gal\\\/situacion-y-mapas\\\/\",\"url\":\"https:\\\/\\\/pontecaldelas.gal\\\/situacion-y-mapas\\\/\",\"name\":\"Situaci\u00f3n y mapas - Concello de Ponte Caldelas\",\"isPartOf\":{\"@id\":\"https:\\\/\\\/pontecaldelas.gal\\\/gl\\\/#website\"},\"primaryImageOfPage\":{\"@id\":\"https:\\\/\\\/pontecaldelas.gal\\\/situacion-y-mapas\\\/#primaryimage\"},\"image\":{\"@id\":\"https:\\\/\\\/pontecaldelas.gal\\\/situacion-y-mapas\\\/#primaryimage\"},\"thumbnailUrl\":\"https:\\\/\\\/pontecaldelas.gal\\\/wp-content\\\/uploads\\\/2022\\\/12\\\/localizacion-resp.jpg\",\"datePublished\":\"2022-12-05T17:10:36+00:00\",\"dateModified\":\"2022-12-05T17:12:25+00:00\",\"breadcrumb\":{\"@id\":\"https:\\\/\\\/pontecaldelas.gal\\\/situacion-y-mapas\\\/#breadcrumb\"},\"inLanguage\":\"gl-ES\",\"potentialAction\":[{\"@type\":\"ReadAction\",\"target\":[\"https:\\\/\\\/pontecaldelas.gal\\\/situacion-y-mapas\\\/\"]}]},{\"@type\":\"ImageObject\",\"inLanguage\":\"gl-ES\",\"@id\":\"https:\\\/\\\/pontecaldelas.gal\\\/situacion-y-mapas\\\/#primaryimage\",\"url\":\"https:\\\/\\\/pontecaldelas.gal\\\/wp-content\\\/uploads\\\/2022\\\/12\\\/localizacion-resp.jpg\",\"contentUrl\":\"https:\\\/\\\/pontecaldelas.gal\\\/wp-content\\\/uploads\\\/2022\\\/12\\\/localizacion-resp.jpg\"},{\"@type\":\"BreadcrumbList\",\"@id\":\"https:\\\/\\\/pontecaldelas.gal\\\/situacion-y-mapas\\\/#breadcrumb\",\"itemListElement\":[{\"@type\":\"ListItem\",\"position\":1,\"name\":\"Portada\",\"item\":\"https:\\\/\\\/pontecaldelas.gal\\\/\"},{\"@type\":\"ListItem\",\"position\":2,\"name\":\"Situaci\u00f3n y mapas\"}]},{\"@type\":\"WebSite\",\"@id\":\"https:\\\/\\\/pontecaldelas.gal\\\/gl\\\/#website\",\"url\":\"https:\\\/\\\/pontecaldelas.gal\\\/gl\\\/\",\"name\":\"Concello de Ponte Caldelas\",\"description\":\"\",\"publisher\":{\"@id\":\"https:\\\/\\\/pontecaldelas.gal\\\/gl\\\/#organization\"},\"potentialAction\":[{\"@type\":\"SearchAction\",\"target\":{\"@type\":\"EntryPoint\",\"urlTemplate\":\"https:\\\/\\\/pontecaldelas.gal\\\/gl\\\/?s={search_term_string}\"},\"query-input\":{\"@type\":\"PropertyValueSpecification\",\"valueRequired\":true,\"valueName\":\"search_term_string\"}}],\"inLanguage\":\"gl-ES\"},{\"@type\":\"Organization\",\"@id\":\"https:\\\/\\\/pontecaldelas.gal\\\/gl\\\/#organization\",\"name\":\"Concello de Ponte Caldelas\",\"url\":\"https:\\\/\\\/pontecaldelas.gal\\\/gl\\\/\",\"logo\":{\"@type\":\"ImageObject\",\"inLanguage\":\"gl-ES\",\"@id\":\"https:\\\/\\\/pontecaldelas.gal\\\/gl\\\/#\\\/schema\\\/logo\\\/image\\\/\",\"url\":\"https:\\\/\\\/pontecaldelas.gal\\\/wp-content\\\/uploads\\\/2022\\\/12\\\/logo_PONTE_CALDELAS.png\",\"contentUrl\":\"https:\\\/\\\/pontecaldelas.gal\\\/wp-content\\\/uploads\\\/2022\\\/12\\\/logo_PONTE_CALDELAS.png\",\"width\":381,\"height\":125,\"caption\":\"Concello de Ponte Caldelas\"},\"image\":{\"@id\":\"https:\\\/\\\/pontecaldelas.gal\\\/gl\\\/#\\\/schema\\\/logo\\\/image\\\/\"},\"sameAs\":[\"https:\\\/\\\/www.facebook.com\\\/turismo.enpontecaldelas\",\"https:\\\/\\\/x.com\\\/Turpontcaldelas\"]}]}<\/script>\n<!-- \/ Yoast SEO plugin. -->","yoast_head_json":{"title":"Situaci\u00f3n y mapas - Concello de Ponte Caldelas","robots":{"index":"index","follow":"follow","max-snippet":"max-snippet:-1","max-image-preview":"max-image-preview:large","max-video-preview":"max-video-preview:-1"},"canonical":"https:\/\/pontecaldelas.gal\/gl\/situacion-y-mapas\/","og_locale":"gl_ES","og_type":"article","og_title":"Situaci\u00f3n y mapas - Concello de Ponte Caldelas","og_description":"Desde A Coru\u00f1a y Santiago se llega a Pontevedra por la A-9 o por la N-550.En Pontevedra se toma la PO-255 directamente hasta Ponte Caldelas. A Coru\u00f1a: 143 km \u00b7 Santiago: 71 km \u00b7 Pontevedra: 13 km \u00b7 Vigo: 39 km Tiene una superficie de 87 km2 y una poblaci\u00f3n que ronda los 6.500 habitantes. [&hellip;]","og_url":"https:\/\/pontecaldelas.gal\/gl\/situacion-y-mapas\/","og_site_name":"Concello de Ponte Caldelas","article_publisher":"https:\/\/www.facebook.com\/turismo.enpontecaldelas","article_modified_time":"2022-12-05T17:12:25+00:00","og_image":[{"url":"https:\/\/pontecaldelas.gal\/wp-content\/uploads\/2022\/12\/localizacion-resp.jpg","type":"","width":"","height":""}],"twitter_card":"summary_large_image","twitter_site":"@Turpontcaldelas","twitter_misc":{"Tempo de lectura":"1 minuto"},"schema":{"@context":"https:\/\/schema.org","@graph":[{"@type":"WebPage","@id":"https:\/\/pontecaldelas.gal\/situacion-y-mapas\/","url":"https:\/\/pontecaldelas.gal\/situacion-y-mapas\/","name":"Situaci\u00f3n y mapas - Concello de Ponte Caldelas","isPartOf":{"@id":"https:\/\/pontecaldelas.gal\/gl\/#website"},"primaryImageOfPage":{"@id":"https:\/\/pontecaldelas.gal\/situacion-y-mapas\/#primaryimage"},"image":{"@id":"https:\/\/pontecaldelas.gal\/situacion-y-mapas\/#primaryimage"},"thumbnailUrl":"https:\/\/pontecaldelas.gal\/wp-content\/uploads\/2022\/12\/localizacion-resp.jpg","datePublished":"2022-12-05T17:10:36+00:00","dateModified":"2022-12-05T17:12:25+00:00","breadcrumb":{"@id":"https:\/\/pontecaldelas.gal\/situacion-y-mapas\/#breadcrumb"},"inLanguage":"gl-ES","potentialAction":[{"@type":"ReadAction","target":["https:\/\/pontecaldelas.gal\/situacion-y-mapas\/"]}]},{"@type":"ImageObject","inLanguage":"gl-ES","@id":"https:\/\/pontecaldelas.gal\/situacion-y-mapas\/#primaryimage","url":"https:\/\/pontecaldelas.gal\/wp-content\/uploads\/2022\/12\/localizacion-resp.jpg","contentUrl":"https:\/\/pontecaldelas.gal\/wp-content\/uploads\/2022\/12\/localizacion-resp.jpg"},{"@type":"BreadcrumbList","@id":"https:\/\/pontecaldelas.gal\/situacion-y-mapas\/#breadcrumb","itemListElement":[{"@type":"ListItem","position":1,"name":"Portada","item":"https:\/\/pontecaldelas.gal\/"},{"@type":"ListItem","position":2,"name":"Situaci\u00f3n y mapas"}]},{"@type":"WebSite","@id":"https:\/\/pontecaldelas.gal\/gl\/#website","url":"https:\/\/pontecaldelas.gal\/gl\/","name":"Concello de Ponte Caldelas","description":"","publisher":{"@id":"https:\/\/pontecaldelas.gal\/gl\/#organization"},"potentialAction":[{"@type":"SearchAction","target":{"@type":"EntryPoint","urlTemplate":"https:\/\/pontecaldelas.gal\/gl\/?s={search_term_string}"},"query-input":{"@type":"PropertyValueSpecification","valueRequired":true,"valueName":"search_term_string"}}],"inLanguage":"gl-ES"},{"@type":"Organization","@id":"https:\/\/pontecaldelas.gal\/gl\/#organization","name":"Concello de Ponte Caldelas","url":"https:\/\/pontecaldelas.gal\/gl\/","logo":{"@type":"ImageObject","inLanguage":"gl-ES","@id":"https:\/\/pontecaldelas.gal\/gl\/#\/schema\/logo\/image\/","url":"https:\/\/pontecaldelas.gal\/wp-content\/uploads\/2022\/12\/logo_PONTE_CALDELAS.png","contentUrl":"https:\/\/pontecaldelas.gal\/wp-content\/uploads\/2022\/12\/logo_PONTE_CALDELAS.png","width":381,"height":125,"caption":"Concello de Ponte Caldelas"},"image":{"@id":"https:\/\/pontecaldelas.gal\/gl\/#\/schema\/logo\/image\/"},"sameAs":["https:\/\/www.facebook.com\/turismo.enpontecaldelas","https:\/\/x.com\/Turpontcaldelas"]}]}},"uagb_featured_image_src":{"full":false,"thumbnail":false,"medium":false,"medium_large":false,"large":false,"1536x1536":false,"2048x2048":false,"trp-custom-language-flag":false},"uagb_author_info":{"display_name":"adminPC","author_link":"https:\/\/pontecaldelas.gal\/gl\/author\/adminpc\/"},"uagb_comment_info":0,"uagb_excerpt":"Desde A Coru\u00f1a y Santiago se llega a Pontevedra por la A-9 o por la N-550.En Pontevedra se toma la PO-255 directamente hasta Ponte Caldelas. A Coru\u00f1a: 143 km \u00b7 Santiago: 71 km \u00b7 Pontevedra: 13 km \u00b7 Vigo: 39 km Tiene una superficie de 87 km2 y una poblaci\u00f3n que ronda los 6.500 habitantes.&hellip;","_links":{"self":[{"href":"https:\/\/pontecaldelas.gal\/gl\/wp-json\/wp\/v2\/pages\/231","targetHints":{"allow":["GET"]}}],"collection":[{"href":"https:\/\/pontecaldelas.gal\/gl\/wp-json\/wp\/v2\/pages"}],"about":[{"href":"https:\/\/pontecaldelas.gal\/gl\/wp-json\/wp\/v2\/types\/page"}],"author":[{"embeddable":true,"href":"https:\/\/pontecaldelas.gal\/gl\/wp-json\/wp\/v2\/users\/1"}],"replies":[{"embeddable":true,"href":"https:\/\/pontecaldelas.gal\/gl\/wp-json\/wp\/v2\/comments?post=231"}],"version-history":[{"count":4,"href":"https:\/\/pontecaldelas.gal\/gl\/wp-json\/wp\/v2\/pages\/231\/revisions"}],"predecessor-version":[{"id":237,"href":"https:\/\/pontecaldelas.gal\/gl\/wp-json\/wp\/v2\/pages\/231\/revisions\/237"}],"wp:attachment":[{"href":"https:\/\/pontecaldelas.gal\/gl\/wp-json\/wp\/v2\/media?parent=231"}],"curies":[{"name":"wp","href":"https:\/\/api.w.org\/{rel}","templated":true}]}}