{"id":112,"date":"2022-12-05T14:31:03","date_gmt":"2022-12-05T14:31:03","guid":{"rendered":"https:\/\/pontecaldelas.gal\/?page_id=112"},"modified":"2023-01-23T08:19:40","modified_gmt":"2023-01-23T08:19:40","slug":"saluda-del-alcalde","status":"publish","type":"page","link":"https:\/\/pontecaldelas.gal\/gl\/saluda-del-alcalde\/","title":{"rendered":"Sa\u00fada do Alcalde"},"content":{"rendered":"<div class=\"wp-block-columns are-vertically-aligned-center is-layout-flex wp-container-core-columns-is-layout-28f84493 wp-block-columns-is-layout-flex\">\n<div class=\"wp-block-column is-vertically-aligned-center is-layout-flow wp-block-column-is-layout-flow\" style=\"flex-basis:45%\">\n<figure class=\"wp-block-image size-full is-style-default\"><img fetchpriority=\"high\" decoding=\"async\" width=\"960\" height=\"959\" src=\"https:\/\/pontecaldelas.gal\/wp-content\/uploads\/2023\/01\/alcalde-pontecaldelas.jpeg\" alt=\"\" class=\"wp-image-619\" srcset=\"https:\/\/pontecaldelas.gal\/wp-content\/uploads\/2023\/01\/alcalde-pontecaldelas.jpeg 960w, https:\/\/pontecaldelas.gal\/wp-content\/uploads\/2023\/01\/alcalde-pontecaldelas-300x300.jpeg 300w, https:\/\/pontecaldelas.gal\/wp-content\/uploads\/2023\/01\/alcalde-pontecaldelas-150x150.jpeg 150w, https:\/\/pontecaldelas.gal\/wp-content\/uploads\/2023\/01\/alcalde-pontecaldelas-768x767.jpeg 768w\" sizes=\"(max-width: 960px) 100vw, 960px\" \/><\/figure>\n<\/div>\n\n\n\n<div class=\"wp-block-column is-vertically-aligned-center is-layout-flow wp-block-column-is-layout-flow\" style=\"flex-basis:80%\">\n<p>Neste portal queremos mostrar as potencialidades e os recursos do noso concello e dos seus n\u00facleos rurais, convert\u00e9ndose nunha vent\u00e1 aberta ao mundo.<\/p>\n\n\n\n<p>Ademais, queremos que sexa unha porta de acceso a todo o que queira achegarse a toda a informaci\u00f3n, servizos e ofertas que dende aqu\u00ed queremos brindarlle.<\/p>\n\n\n\n<p>Como Alcalde de<strong> PONTE CALDELAS<\/strong> douvos a benvida a web do Concello, invit\u00e1ndovos a participar coas vosas iniciativas e suxesti\u00f3ns para mellorar a xesti\u00f3n, garantindo o correcto funcionamento da administraci\u00f3n e dos seus \u00f3rganos, sendo a finalidade a atenci\u00f3n ao administrado.<\/p>\n\n\n\n<p>Un cordial sa\u00fado do voso alcalde.<\/p>\n\n\n\n<p class=\"has-text-align-right\"><strong><em>Andr\u00e9s D\u00edaz Sobral<br>Alcalde de Ponte Caldelas<\/em><\/strong><\/p>\n<\/div>\n<\/div>","protected":false},"excerpt":{"rendered":"<p>En este portal queremos mostrar las potencialidades y los recursos de nuestro ayuntamiento y de sus n\u00facleos rurales, convirti\u00e9ndose en una ventana abierta al mundo. Adem\u00e1s, queremos que sea una puerta de acceso a todo el que quiera acercarse a toda la informaci\u00f3n, servicios y ofertas que desde aqu\u00ed queremos brindarle. Como Alcalde de PONTE [&hellip;]<\/p>\n","protected":false},"author":1,"featured_media":0,"parent":0,"menu_order":0,"comment_status":"closed","ping_status":"closed","template":"","meta":{"_uag_custom_page_level_css":"","footnotes":""},"class_list":["post-112","page","type-page","status-publish","hentry"],"yoast_head":"<!-- This site is optimized with the Yoast SEO plugin v27.3 - https:\/\/yoast.com\/product\/yoast-seo-wordpress\/ -->\n<title>Saluda del Alcalde - Concello de Ponte Caldelas<\/title>\n<meta name=\"robots\" content=\"index, follow, max-snippet:-1, max-image-preview:large, max-video-preview:-1\" \/>\n<link rel=\"canonical\" href=\"https:\/\/pontecaldelas.gal\/gl\/saluda-del-alcalde\/\" \/>\n<meta property=\"og:locale\" content=\"gl_ES\" \/>\n<meta property=\"og:type\" content=\"article\" \/>\n<meta property=\"og:title\" content=\"Saluda del Alcalde - Concello de Ponte Caldelas\" \/>\n<meta property=\"og:description\" content=\"En este portal queremos mostrar las potencialidades y los recursos de nuestro ayuntamiento y de sus n\u00facleos rurales, convirti\u00e9ndose en una ventana abierta al mundo. Adem\u00e1s, queremos que sea una puerta de acceso a todo el que quiera acercarse a toda la informaci\u00f3n, servicios y ofertas que desde aqu\u00ed queremos brindarle. Como Alcalde de PONTE [&hellip;]\" \/>\n<meta property=\"og:url\" content=\"https:\/\/pontecaldelas.gal\/gl\/saluda-del-alcalde\/\" \/>\n<meta property=\"og:site_name\" content=\"Concello de Ponte Caldelas\" \/>\n<meta property=\"article:publisher\" content=\"https:\/\/www.facebook.com\/turismo.enpontecaldelas\" \/>\n<meta property=\"article:modified_time\" content=\"2023-01-23T08:19:40+00:00\" \/>\n<meta property=\"og:image\" content=\"https:\/\/pontecaldelas.gal\/wp-content\/uploads\/2023\/01\/alcalde-pontecaldelas.jpeg\" \/>\n<meta name=\"twitter:card\" content=\"summary_large_image\" \/>\n<meta name=\"twitter:site\" content=\"@Turpontcaldelas\" \/>\n<meta name=\"twitter:label1\" content=\"Tempo de lectura\" \/>\n\t<meta name=\"twitter:data1\" content=\"1 minuto\" \/>\n<script type=\"application\/ld+json\" class=\"yoast-schema-graph\">{\"@context\":\"https:\\\/\\\/schema.org\",\"@graph\":[{\"@type\":\"WebPage\",\"@id\":\"https:\\\/\\\/pontecaldelas.gal\\\/saluda-del-alcalde\\\/\",\"url\":\"https:\\\/\\\/pontecaldelas.gal\\\/saluda-del-alcalde\\\/\",\"name\":\"Saluda del Alcalde - Concello de Ponte Caldelas\",\"isPartOf\":{\"@id\":\"https:\\\/\\\/pontecaldelas.gal\\\/gl\\\/#website\"},\"primaryImageOfPage\":{\"@id\":\"https:\\\/\\\/pontecaldelas.gal\\\/saluda-del-alcalde\\\/#primaryimage\"},\"image\":{\"@id\":\"https:\\\/\\\/pontecaldelas.gal\\\/saluda-del-alcalde\\\/#primaryimage\"},\"thumbnailUrl\":\"https:\\\/\\\/pontecaldelas.gal\\\/wp-content\\\/uploads\\\/2023\\\/01\\\/alcalde-pontecaldelas.jpeg\",\"datePublished\":\"2022-12-05T14:31:03+00:00\",\"dateModified\":\"2023-01-23T08:19:40+00:00\",\"breadcrumb\":{\"@id\":\"https:\\\/\\\/pontecaldelas.gal\\\/saluda-del-alcalde\\\/#breadcrumb\"},\"inLanguage\":\"gl-ES\",\"potentialAction\":[{\"@type\":\"ReadAction\",\"target\":[\"https:\\\/\\\/pontecaldelas.gal\\\/saluda-del-alcalde\\\/\"]}]},{\"@type\":\"ImageObject\",\"inLanguage\":\"gl-ES\",\"@id\":\"https:\\\/\\\/pontecaldelas.gal\\\/saluda-del-alcalde\\\/#primaryimage\",\"url\":\"https:\\\/\\\/pontecaldelas.gal\\\/wp-content\\\/uploads\\\/2023\\\/01\\\/alcalde-pontecaldelas.jpeg\",\"contentUrl\":\"https:\\\/\\\/pontecaldelas.gal\\\/wp-content\\\/uploads\\\/2023\\\/01\\\/alcalde-pontecaldelas.jpeg\"},{\"@type\":\"BreadcrumbList\",\"@id\":\"https:\\\/\\\/pontecaldelas.gal\\\/saluda-del-alcalde\\\/#breadcrumb\",\"itemListElement\":[{\"@type\":\"ListItem\",\"position\":1,\"name\":\"Portada\",\"item\":\"https:\\\/\\\/pontecaldelas.gal\\\/\"},{\"@type\":\"ListItem\",\"position\":2,\"name\":\"Saluda del Alcalde\"}]},{\"@type\":\"WebSite\",\"@id\":\"https:\\\/\\\/pontecaldelas.gal\\\/gl\\\/#website\",\"url\":\"https:\\\/\\\/pontecaldelas.gal\\\/gl\\\/\",\"name\":\"Concello de Ponte Caldelas\",\"description\":\"\",\"publisher\":{\"@id\":\"https:\\\/\\\/pontecaldelas.gal\\\/gl\\\/#organization\"},\"potentialAction\":[{\"@type\":\"SearchAction\",\"target\":{\"@type\":\"EntryPoint\",\"urlTemplate\":\"https:\\\/\\\/pontecaldelas.gal\\\/gl\\\/?s={search_term_string}\"},\"query-input\":{\"@type\":\"PropertyValueSpecification\",\"valueRequired\":true,\"valueName\":\"search_term_string\"}}],\"inLanguage\":\"gl-ES\"},{\"@type\":\"Organization\",\"@id\":\"https:\\\/\\\/pontecaldelas.gal\\\/gl\\\/#organization\",\"name\":\"Concello de Ponte Caldelas\",\"url\":\"https:\\\/\\\/pontecaldelas.gal\\\/gl\\\/\",\"logo\":{\"@type\":\"ImageObject\",\"inLanguage\":\"gl-ES\",\"@id\":\"https:\\\/\\\/pontecaldelas.gal\\\/gl\\\/#\\\/schema\\\/logo\\\/image\\\/\",\"url\":\"https:\\\/\\\/pontecaldelas.gal\\\/wp-content\\\/uploads\\\/2022\\\/12\\\/logo_PONTE_CALDELAS.png\",\"contentUrl\":\"https:\\\/\\\/pontecaldelas.gal\\\/wp-content\\\/uploads\\\/2022\\\/12\\\/logo_PONTE_CALDELAS.png\",\"width\":381,\"height\":125,\"caption\":\"Concello de Ponte Caldelas\"},\"image\":{\"@id\":\"https:\\\/\\\/pontecaldelas.gal\\\/gl\\\/#\\\/schema\\\/logo\\\/image\\\/\"},\"sameAs\":[\"https:\\\/\\\/www.facebook.com\\\/turismo.enpontecaldelas\",\"https:\\\/\\\/x.com\\\/Turpontcaldelas\"]}]}<\/script>\n<!-- \/ Yoast SEO plugin. -->","yoast_head_json":{"title":"Saluda del Alcalde - Concello de Ponte Caldelas","robots":{"index":"index","follow":"follow","max-snippet":"max-snippet:-1","max-image-preview":"max-image-preview:large","max-video-preview":"max-video-preview:-1"},"canonical":"https:\/\/pontecaldelas.gal\/gl\/saluda-del-alcalde\/","og_locale":"gl_ES","og_type":"article","og_title":"Saluda del Alcalde - Concello de Ponte Caldelas","og_description":"En este portal queremos mostrar las potencialidades y los recursos de nuestro ayuntamiento y de sus n\u00facleos rurales, convirti\u00e9ndose en una ventana abierta al mundo. Adem\u00e1s, queremos que sea una puerta de acceso a todo el que quiera acercarse a toda la informaci\u00f3n, servicios y ofertas que desde aqu\u00ed queremos brindarle. Como Alcalde de PONTE [&hellip;]","og_url":"https:\/\/pontecaldelas.gal\/gl\/saluda-del-alcalde\/","og_site_name":"Concello de Ponte Caldelas","article_publisher":"https:\/\/www.facebook.com\/turismo.enpontecaldelas","article_modified_time":"2023-01-23T08:19:40+00:00","og_image":[{"url":"https:\/\/pontecaldelas.gal\/wp-content\/uploads\/2023\/01\/alcalde-pontecaldelas.jpeg","type":"","width":"","height":""}],"twitter_card":"summary_large_image","twitter_site":"@Turpontcaldelas","twitter_misc":{"Tempo de lectura":"1 minuto"},"schema":{"@context":"https:\/\/schema.org","@graph":[{"@type":"WebPage","@id":"https:\/\/pontecaldelas.gal\/saluda-del-alcalde\/","url":"https:\/\/pontecaldelas.gal\/saluda-del-alcalde\/","name":"Saluda del Alcalde - Concello de Ponte Caldelas","isPartOf":{"@id":"https:\/\/pontecaldelas.gal\/gl\/#website"},"primaryImageOfPage":{"@id":"https:\/\/pontecaldelas.gal\/saluda-del-alcalde\/#primaryimage"},"image":{"@id":"https:\/\/pontecaldelas.gal\/saluda-del-alcalde\/#primaryimage"},"thumbnailUrl":"https:\/\/pontecaldelas.gal\/wp-content\/uploads\/2023\/01\/alcalde-pontecaldelas.jpeg","datePublished":"2022-12-05T14:31:03+00:00","dateModified":"2023-01-23T08:19:40+00:00","breadcrumb":{"@id":"https:\/\/pontecaldelas.gal\/saluda-del-alcalde\/#breadcrumb"},"inLanguage":"gl-ES","potentialAction":[{"@type":"ReadAction","target":["https:\/\/pontecaldelas.gal\/saluda-del-alcalde\/"]}]},{"@type":"ImageObject","inLanguage":"gl-ES","@id":"https:\/\/pontecaldelas.gal\/saluda-del-alcalde\/#primaryimage","url":"https:\/\/pontecaldelas.gal\/wp-content\/uploads\/2023\/01\/alcalde-pontecaldelas.jpeg","contentUrl":"https:\/\/pontecaldelas.gal\/wp-content\/uploads\/2023\/01\/alcalde-pontecaldelas.jpeg"},{"@type":"BreadcrumbList","@id":"https:\/\/pontecaldelas.gal\/saluda-del-alcalde\/#breadcrumb","itemListElement":[{"@type":"ListItem","position":1,"name":"Portada","item":"https:\/\/pontecaldelas.gal\/"},{"@type":"ListItem","position":2,"name":"Saluda del Alcalde"}]},{"@type":"WebSite","@id":"https:\/\/pontecaldelas.gal\/gl\/#website","url":"https:\/\/pontecaldelas.gal\/gl\/","name":"Concello de Ponte Caldelas","description":"","publisher":{"@id":"https:\/\/pontecaldelas.gal\/gl\/#organization"},"potentialAction":[{"@type":"SearchAction","target":{"@type":"EntryPoint","urlTemplate":"https:\/\/pontecaldelas.gal\/gl\/?s={search_term_string}"},"query-input":{"@type":"PropertyValueSpecification","valueRequired":true,"valueName":"search_term_string"}}],"inLanguage":"gl-ES"},{"@type":"Organization","@id":"https:\/\/pontecaldelas.gal\/gl\/#organization","name":"Concello de Ponte Caldelas","url":"https:\/\/pontecaldelas.gal\/gl\/","logo":{"@type":"ImageObject","inLanguage":"gl-ES","@id":"https:\/\/pontecaldelas.gal\/gl\/#\/schema\/logo\/image\/","url":"https:\/\/pontecaldelas.gal\/wp-content\/uploads\/2022\/12\/logo_PONTE_CALDELAS.png","contentUrl":"https:\/\/pontecaldelas.gal\/wp-content\/uploads\/2022\/12\/logo_PONTE_CALDELAS.png","width":381,"height":125,"caption":"Concello de Ponte Caldelas"},"image":{"@id":"https:\/\/pontecaldelas.gal\/gl\/#\/schema\/logo\/image\/"},"sameAs":["https:\/\/www.facebook.com\/turismo.enpontecaldelas","https:\/\/x.com\/Turpontcaldelas"]}]}},"uagb_featured_image_src":{"full":false,"thumbnail":false,"medium":false,"medium_large":false,"large":false,"1536x1536":false,"2048x2048":false,"trp-custom-language-flag":false},"uagb_author_info":{"display_name":"adminPC","author_link":"https:\/\/pontecaldelas.gal\/gl\/author\/adminpc\/"},"uagb_comment_info":0,"uagb_excerpt":"En este portal queremos mostrar las potencialidades y los recursos de nuestro ayuntamiento y de sus n\u00facleos rurales, convirti\u00e9ndose en una ventana abierta al mundo. Adem\u00e1s, queremos que sea una puerta de acceso a todo el que quiera acercarse a toda la informaci\u00f3n, servicios y ofertas que desde aqu\u00ed queremos brindarle. Como Alcalde de PONTE&hellip;","_links":{"self":[{"href":"https:\/\/pontecaldelas.gal\/gl\/wp-json\/wp\/v2\/pages\/112","targetHints":{"allow":["GET"]}}],"collection":[{"href":"https:\/\/pontecaldelas.gal\/gl\/wp-json\/wp\/v2\/pages"}],"about":[{"href":"https:\/\/pontecaldelas.gal\/gl\/wp-json\/wp\/v2\/types\/page"}],"author":[{"embeddable":true,"href":"https:\/\/pontecaldelas.gal\/gl\/wp-json\/wp\/v2\/users\/1"}],"replies":[{"embeddable":true,"href":"https:\/\/pontecaldelas.gal\/gl\/wp-json\/wp\/v2\/comments?post=112"}],"version-history":[{"count":9,"href":"https:\/\/pontecaldelas.gal\/gl\/wp-json\/wp\/v2\/pages\/112\/revisions"}],"predecessor-version":[{"id":634,"href":"https:\/\/pontecaldelas.gal\/gl\/wp-json\/wp\/v2\/pages\/112\/revisions\/634"}],"wp:attachment":[{"href":"https:\/\/pontecaldelas.gal\/gl\/wp-json\/wp\/v2\/media?parent=112"}],"curies":[{"name":"wp","href":"https:\/\/api.w.org\/{rel}","templated":true}]}}